{"id":1015,"date":"2021-11-11T21:00:24","date_gmt":"2021-11-11T21:00:24","guid":{"rendered":"https:\/\/constance-escobar.com\/?page_id=1015"},"modified":"2022-06-04T10:07:59","modified_gmt":"2022-06-04T10:07:59","slug":"la-reclame","status":"publish","type":"page","link":"https:\/\/constance-escobar.com\/index.php\/la-reclame\/","title":{"rendered":"La R\u00e9clame"},"content":{"rendered":"\t\t<div data-elementor-type=\"wp-page\" data-elementor-id=\"1015\" class=\"elementor elementor-1015\">\n\t\t\t\t\t\t\t\t\t<section class=\"elementor-section elementor-top-section elementor-element elementor-element-f58b284 elementor-section-boxed elementor-section-height-default elementor-section-height-default\" data-id=\"f58b284\" data-element_type=\"section\">\n\t\t\t\t\t\t<div class=\"elementor-container elementor-column-gap-default\">\n\t\t\t\t\t<div class=\"elementor-column elementor-col-100 elementor-top-column elementor-element elementor-element-9ca31fa\" data-id=\"9ca31fa\" data-element_type=\"column\">\n\t\t\t<div class=\"elementor-widget-wrap elementor-element-populated\">\n\t\t\t\t\t\t\t\t<div class=\"elementor-element elementor-element-7cef49c elementor-widget elementor-widget-text-editor\" data-id=\"7cef49c\" data-element_type=\"widget\" data-widget_type=\"text-editor.default\">\n\t\t\t\t<div class=\"elementor-widget-container\">\n\t\t\t<style>\/*! elementor - v3.6.5 - 27-04-2022 *\/\n.elementor-widget-text-editor.elementor-drop-cap-view-stacked .elementor-drop-cap{background-color:#818a91;color:#fff}.elementor-widget-text-editor.elementor-drop-cap-view-framed .elementor-drop-cap{color:#818a91;border:3px solid;background-color:transparent}.elementor-widget-text-editor:not(.elementor-drop-cap-view-default) .elementor-drop-cap{margin-top:8px}.elementor-widget-text-editor:not(.elementor-drop-cap-view-default) .elementor-drop-cap-letter{width:1em;height:1em}.elementor-widget-text-editor .elementor-drop-cap{float:left;text-align:center;line-height:1;font-size:50px}.elementor-widget-text-editor .elementor-drop-cap-letter{display:inline-block}<\/style>\t\t\t\t<div>La r\u00e9clame est une \u00e9picerie fine o\u00f9 l\u2019on peut acheter des produits du terroir, d\u00e9jeuner, bruncher ou prendre l\u2019ap\u00e9ritif .<\/div><div>\u00a0<\/div><div>Cr\u00e9er un logo, une brochure et des pictogrammes illustrant les activit\u00e9s organis\u00e9es par La R\u00e9clame.<\/div><div>\u00a0<\/div><p>Le logo \u00e9voque une atmosph\u00e8re amicale et chaleureuse, une place o\u00f9 l\u2019on peur manger quelque chose d\u2019aussi bon que chez soi.<\/p>\t\t\t\t\t\t<\/div>\n\t\t\t\t<\/div>\n\t\t\t\t\t<\/div>\n\t\t<\/div>\n\t\t\t\t\t\t\t<\/div>\n\t\t<\/section>\n\t\t\t\t<section class=\"elementor-section elementor-top-section elementor-element elementor-element-b0a1dc3 elementor-section-boxed elementor-section-height-default elementor-section-height-default\" data-id=\"b0a1dc3\" data-element_type=\"section\">\n\t\t\t\t\t\t<div class=\"elementor-container elementor-column-gap-default\">\n\t\t\t\t\t<div class=\"elementor-column elementor-col-100 elementor-top-column elementor-element elementor-element-cec1fa8\" data-id=\"cec1fa8\" data-element_type=\"column\">\n\t\t\t<div class=\"elementor-widget-wrap elementor-element-populated\">\n\t\t\t\t\t\t\t\t<div class=\"elementor-element elementor-element-4078b5f elementor-widget elementor-widget-image\" data-id=\"4078b5f\" data-element_type=\"widget\" data-widget_type=\"image.default\">\n\t\t\t\t<div class=\"elementor-widget-container\">\n\t\t\t<style>\/*! elementor - v3.6.5 - 27-04-2022 *\/\n.elementor-widget-image{text-align:center}.elementor-widget-image a{display:inline-block}.elementor-widget-image a img[src$=\".svg\"]{width:48px}.elementor-widget-image img{vertical-align:middle;display:inline-block}<\/style>\t\t\t\t\t\t\t\t\t\t\t\t<img loading=\"lazy\" decoding=\"async\" width=\"820\" height=\"492\" src=\"https:\/\/constance-escobar.com\/wp-content\/uploads\/2021\/11\/1-mockup-papeterie-global-1024x614.png\" class=\"attachment-large size-large\" alt=\"\" srcset=\"https:\/\/constance-escobar.com\/wp-content\/uploads\/2021\/11\/1-mockup-papeterie-global-1024x614.png 1024w, https:\/\/constance-escobar.com\/wp-content\/uploads\/2021\/11\/1-mockup-papeterie-global-300x180.png 300w, https:\/\/constance-escobar.com\/wp-content\/uploads\/2021\/11\/1-mockup-papeterie-global-768x461.png 768w, https:\/\/constance-escobar.com\/wp-content\/uploads\/2021\/11\/1-mockup-papeterie-global-720x432.png 720w, https:\/\/constance-escobar.com\/wp-content\/uploads\/2021\/11\/1-mockup-papeterie-global-820x492.png 820w, https:\/\/constance-escobar.com\/wp-content\/uploads\/2021\/11\/1-mockup-papeterie-global.png 1200w\" sizes=\"auto, (max-width: 820px) 100vw, 820px\" \/>\t\t\t\t\t\t\t\t\t\t\t\t\t\t\t<\/div>\n\t\t\t\t<\/div>\n\t\t\t\t\t<\/div>\n\t\t<\/div>\n\t\t\t\t\t\t\t<\/div>\n\t\t<\/section>\n\t\t\t\t<section class=\"elementor-section elementor-top-section elementor-element elementor-element-771ac56 elementor-section-boxed elementor-section-height-default elementor-section-height-default\" data-id=\"771ac56\" data-element_type=\"section\">\n\t\t\t\t\t\t<div class=\"elementor-container elementor-column-gap-default\">\n\t\t\t\t\t<div class=\"elementor-column elementor-col-50 elementor-top-column elementor-element elementor-element-8c23236\" data-id=\"8c23236\" data-element_type=\"column\">\n\t\t\t<div class=\"elementor-widget-wrap elementor-element-populated\">\n\t\t\t\t\t\t\t\t<div class=\"elementor-element elementor-element-8629d49 elementor-widget elementor-widget-image\" data-id=\"8629d49\" data-element_type=\"widget\" data-widget_type=\"image.default\">\n\t\t\t\t<div class=\"elementor-widget-container\">\n\t\t\t\t\t\t\t\t\t\t\t\t\t\t\t<img loading=\"lazy\" decoding=\"async\" width=\"820\" height=\"672\" src=\"https:\/\/constance-escobar.com\/wp-content\/uploads\/2021\/11\/2-mockup-sac-jaune2.png\" class=\"attachment-large size-large\" alt=\"\" srcset=\"https:\/\/constance-escobar.com\/wp-content\/uploads\/2021\/11\/2-mockup-sac-jaune2.png 878w, https:\/\/constance-escobar.com\/wp-content\/uploads\/2021\/11\/2-mockup-sac-jaune2-300x246.png 300w, https:\/\/constance-escobar.com\/wp-content\/uploads\/2021\/11\/2-mockup-sac-jaune2-768x630.png 768w, https:\/\/constance-escobar.com\/wp-content\/uploads\/2021\/11\/2-mockup-sac-jaune2-720x590.png 720w, https:\/\/constance-escobar.com\/wp-content\/uploads\/2021\/11\/2-mockup-sac-jaune2-820x672.png 820w\" sizes=\"auto, (max-width: 820px) 100vw, 820px\" \/>\t\t\t\t\t\t\t\t\t\t\t\t\t\t\t<\/div>\n\t\t\t\t<\/div>\n\t\t\t\t\t<\/div>\n\t\t<\/div>\n\t\t\t\t<div class=\"elementor-column elementor-col-50 elementor-top-column elementor-element elementor-element-c551db1\" data-id=\"c551db1\" data-element_type=\"column\">\n\t\t\t<div class=\"elementor-widget-wrap elementor-element-populated\">\n\t\t\t\t\t\t\t\t<div class=\"elementor-element elementor-element-4230c33 elementor-widget elementor-widget-image\" data-id=\"4230c33\" data-element_type=\"widget\" data-widget_type=\"image.default\">\n\t\t\t\t<div class=\"elementor-widget-container\">\n\t\t\t\t\t\t\t\t\t\t\t\t\t\t\t<img loading=\"lazy\" decoding=\"async\" width=\"820\" height=\"547\" src=\"https:\/\/constance-escobar.com\/wp-content\/uploads\/2021\/11\/4-Tablier-1024x683.png\" class=\"attachment-large size-large\" alt=\"\" srcset=\"https:\/\/constance-escobar.com\/wp-content\/uploads\/2021\/11\/4-Tablier-1024x683.png 1024w, https:\/\/constance-escobar.com\/wp-content\/uploads\/2021\/11\/4-Tablier-300x200.png 300w, https:\/\/constance-escobar.com\/wp-content\/uploads\/2021\/11\/4-Tablier-768x512.png 768w, https:\/\/constance-escobar.com\/wp-content\/uploads\/2021\/11\/4-Tablier-720x480.png 720w, https:\/\/constance-escobar.com\/wp-content\/uploads\/2021\/11\/4-Tablier-820x547.png 820w, https:\/\/constance-escobar.com\/wp-content\/uploads\/2021\/11\/4-Tablier.png 1200w\" sizes=\"auto, (max-width: 820px) 100vw, 820px\" \/>\t\t\t\t\t\t\t\t\t\t\t\t\t\t\t<\/div>\n\t\t\t\t<\/div>\n\t\t\t\t\t<\/div>\n\t\t<\/div>\n\t\t\t\t\t\t\t<\/div>\n\t\t<\/section>\n\t\t\t\t<section class=\"elementor-section elementor-top-section elementor-element elementor-element-7b72d4d elementor-section-boxed elementor-section-height-default elementor-section-height-default\" data-id=\"7b72d4d\" data-element_type=\"section\">\n\t\t\t\t\t\t<div class=\"elementor-container elementor-column-gap-default\">\n\t\t\t\t\t<div class=\"elementor-column elementor-col-100 elementor-top-column elementor-element elementor-element-e2b6da1\" data-id=\"e2b6da1\" data-element_type=\"column\">\n\t\t\t<div class=\"elementor-widget-wrap elementor-element-populated\">\n\t\t\t\t\t\t\t\t<div class=\"elementor-element elementor-element-c47a6a7 elementor-widget elementor-widget-spacer\" data-id=\"c47a6a7\" data-element_type=\"widget\" data-widget_type=\"spacer.default\">\n\t\t\t\t<div class=\"elementor-widget-container\">\n\t\t\t<style>\/*! elementor - v3.6.5 - 27-04-2022 *\/\n.e-container.e-container--row .elementor-spacer-inner{width:var(--spacer-size)}.e-container.e-container--column .elementor-spacer-inner,.elementor-column .elementor-spacer-inner{height:var(--spacer-size)}<\/style>\t\t<div class=\"elementor-spacer\">\n\t\t\t<div class=\"elementor-spacer-inner\"><\/div>\n\t\t<\/div>\n\t\t\t\t<\/div>\n\t\t\t\t<\/div>\n\t\t\t\t\t<\/div>\n\t\t<\/div>\n\t\t\t\t\t\t\t<\/div>\n\t\t<\/section>\n\t\t\t\t<section class=\"elementor-section elementor-top-section elementor-element elementor-element-d7fd1ba elementor-section-boxed elementor-section-height-default elementor-section-height-default\" data-id=\"d7fd1ba\" data-element_type=\"section\">\n\t\t\t\t\t\t<div class=\"elementor-container elementor-column-gap-default\">\n\t\t\t\t\t<div class=\"elementor-column elementor-col-50 elementor-top-column elementor-element elementor-element-d628a46\" data-id=\"d628a46\" data-element_type=\"column\">\n\t\t\t<div class=\"elementor-widget-wrap elementor-element-populated\">\n\t\t\t\t\t\t\t\t<div class=\"elementor-element elementor-element-47fbc19 elementor-widget elementor-widget-image\" data-id=\"47fbc19\" data-element_type=\"widget\" data-widget_type=\"image.default\">\n\t\t\t\t<div class=\"elementor-widget-container\">\n\t\t\t\t\t\t\t\t\t\t\t\t\t\t\t<img loading=\"lazy\" decoding=\"async\" width=\"820\" height=\"615\" src=\"https:\/\/constance-escobar.com\/wp-content\/uploads\/2021\/11\/1-couv.jpg\" class=\"attachment-large size-large\" alt=\"\" srcset=\"https:\/\/constance-escobar.com\/wp-content\/uploads\/2021\/11\/1-couv.jpg 900w, https:\/\/constance-escobar.com\/wp-content\/uploads\/2021\/11\/1-couv-300x225.jpg 300w, https:\/\/constance-escobar.com\/wp-content\/uploads\/2021\/11\/1-couv-768x576.jpg 768w, https:\/\/constance-escobar.com\/wp-content\/uploads\/2021\/11\/1-couv-720x540.jpg 720w, https:\/\/constance-escobar.com\/wp-content\/uploads\/2021\/11\/1-couv-820x615.jpg 820w\" sizes=\"auto, (max-width: 820px) 100vw, 820px\" \/>\t\t\t\t\t\t\t\t\t\t\t\t\t\t\t<\/div>\n\t\t\t\t<\/div>\n\t\t\t\t\t<\/div>\n\t\t<\/div>\n\t\t\t\t<div class=\"elementor-column elementor-col-50 elementor-top-column elementor-element elementor-element-31c6b2e\" data-id=\"31c6b2e\" data-element_type=\"column\">\n\t\t\t<div class=\"elementor-widget-wrap elementor-element-populated\">\n\t\t\t\t\t\t\t\t<div class=\"elementor-element elementor-element-255c76d elementor-widget elementor-widget-image\" data-id=\"255c76d\" data-element_type=\"widget\" data-widget_type=\"image.default\">\n\t\t\t\t<div class=\"elementor-widget-container\">\n\t\t\t\t\t\t\t\t\t\t\t\t\t\t\t<img loading=\"lazy\" decoding=\"async\" width=\"820\" height=\"615\" src=\"https:\/\/constance-escobar.com\/wp-content\/uploads\/2021\/11\/2-origine.jpg\" class=\"attachment-large size-large\" alt=\"\" srcset=\"https:\/\/constance-escobar.com\/wp-content\/uploads\/2021\/11\/2-origine.jpg 1000w, https:\/\/constance-escobar.com\/wp-content\/uploads\/2021\/11\/2-origine-300x225.jpg 300w, https:\/\/constance-escobar.com\/wp-content\/uploads\/2021\/11\/2-origine-768x576.jpg 768w, https:\/\/constance-escobar.com\/wp-content\/uploads\/2021\/11\/2-origine-720x540.jpg 720w, https:\/\/constance-escobar.com\/wp-content\/uploads\/2021\/11\/2-origine-820x615.jpg 820w\" sizes=\"auto, (max-width: 820px) 100vw, 820px\" \/>\t\t\t\t\t\t\t\t\t\t\t\t\t\t\t<\/div>\n\t\t\t\t<\/div>\n\t\t\t\t\t<\/div>\n\t\t<\/div>\n\t\t\t\t\t\t\t<\/div>\n\t\t<\/section>\n\t\t\t\t<section class=\"elementor-section elementor-top-section elementor-element elementor-element-f1494dc elementor-section-boxed elementor-section-height-default elementor-section-height-default\" data-id=\"f1494dc\" data-element_type=\"section\">\n\t\t\t\t\t\t<div class=\"elementor-container elementor-column-gap-default\">\n\t\t\t\t\t<div class=\"elementor-column elementor-col-50 elementor-top-column elementor-element elementor-element-703957b\" data-id=\"703957b\" data-element_type=\"column\">\n\t\t\t<div class=\"elementor-widget-wrap elementor-element-populated\">\n\t\t\t\t\t\t\t\t<div class=\"elementor-element elementor-element-1f80119 elementor-widget elementor-widget-image\" data-id=\"1f80119\" data-element_type=\"widget\" data-widget_type=\"image.default\">\n\t\t\t\t<div class=\"elementor-widget-container\">\n\t\t\t\t\t\t\t\t\t\t\t\t\t\t\t<img loading=\"lazy\" decoding=\"async\" width=\"820\" height=\"615\" src=\"https:\/\/constance-escobar.com\/wp-content\/uploads\/2021\/11\/3-activites-1.jpg\" class=\"attachment-large size-large\" alt=\"\" srcset=\"https:\/\/constance-escobar.com\/wp-content\/uploads\/2021\/11\/3-activites-1.jpg 900w, https:\/\/constance-escobar.com\/wp-content\/uploads\/2021\/11\/3-activites-1-300x225.jpg 300w, https:\/\/constance-escobar.com\/wp-content\/uploads\/2021\/11\/3-activites-1-768x576.jpg 768w, https:\/\/constance-escobar.com\/wp-content\/uploads\/2021\/11\/3-activites-1-720x540.jpg 720w, https:\/\/constance-escobar.com\/wp-content\/uploads\/2021\/11\/3-activites-1-820x615.jpg 820w\" sizes=\"auto, (max-width: 820px) 100vw, 820px\" \/>\t\t\t\t\t\t\t\t\t\t\t\t\t\t\t<\/div>\n\t\t\t\t<\/div>\n\t\t\t\t\t<\/div>\n\t\t<\/div>\n\t\t\t\t<div class=\"elementor-column elementor-col-50 elementor-top-column elementor-element elementor-element-7844513\" data-id=\"7844513\" data-element_type=\"column\">\n\t\t\t<div class=\"elementor-widget-wrap elementor-element-populated\">\n\t\t\t\t\t\t\t\t<div class=\"elementor-element elementor-element-4c13107 elementor-widget elementor-widget-image\" data-id=\"4c13107\" data-element_type=\"widget\" data-widget_type=\"image.default\">\n\t\t\t\t<div class=\"elementor-widget-container\">\n\t\t\t\t\t\t\t\t\t\t\t\t\t\t\t<img loading=\"lazy\" decoding=\"async\" width=\"820\" height=\"615\" src=\"https:\/\/constance-escobar.com\/wp-content\/uploads\/2021\/11\/4-activites-2.jpg\" class=\"attachment-large size-large\" alt=\"\" srcset=\"https:\/\/constance-escobar.com\/wp-content\/uploads\/2021\/11\/4-activites-2.jpg 900w, https:\/\/constance-escobar.com\/wp-content\/uploads\/2021\/11\/4-activites-2-300x225.jpg 300w, https:\/\/constance-escobar.com\/wp-content\/uploads\/2021\/11\/4-activites-2-768x576.jpg 768w, https:\/\/constance-escobar.com\/wp-content\/uploads\/2021\/11\/4-activites-2-720x540.jpg 720w, https:\/\/constance-escobar.com\/wp-content\/uploads\/2021\/11\/4-activites-2-820x615.jpg 820w\" sizes=\"auto, (max-width: 820px) 100vw, 820px\" \/>\t\t\t\t\t\t\t\t\t\t\t\t\t\t\t<\/div>\n\t\t\t\t<\/div>\n\t\t\t\t\t<\/div>\n\t\t<\/div>\n\t\t\t\t\t\t\t<\/div>\n\t\t<\/section>\n\t\t\t\t<section class=\"elementor-section elementor-top-section elementor-element elementor-element-ee41669 elementor-section-boxed elementor-section-height-default elementor-section-height-default\" data-id=\"ee41669\" data-element_type=\"section\">\n\t\t\t\t\t\t<div class=\"elementor-container elementor-column-gap-default\">\n\t\t\t\t\t<div class=\"elementor-column elementor-col-100 elementor-top-column elementor-element elementor-element-72da9d0\" data-id=\"72da9d0\" data-element_type=\"column\">\n\t\t\t<div class=\"elementor-widget-wrap elementor-element-populated\">\n\t\t\t\t\t\t\t\t<div class=\"elementor-element elementor-element-34022b4 elementor-widget elementor-widget-image\" data-id=\"34022b4\" data-element_type=\"widget\" data-widget_type=\"image.default\">\n\t\t\t\t<div class=\"elementor-widget-container\">\n\t\t\t\t\t\t\t\t\t\t\t\t\t\t\t<img loading=\"lazy\" decoding=\"async\" width=\"820\" height=\"615\" src=\"https:\/\/constance-escobar.com\/wp-content\/uploads\/2021\/11\/5-immersion-et-livre-dor.jpg\" class=\"attachment-large size-large\" alt=\"\" srcset=\"https:\/\/constance-escobar.com\/wp-content\/uploads\/2021\/11\/5-immersion-et-livre-dor.jpg 900w, https:\/\/constance-escobar.com\/wp-content\/uploads\/2021\/11\/5-immersion-et-livre-dor-300x225.jpg 300w, https:\/\/constance-escobar.com\/wp-content\/uploads\/2021\/11\/5-immersion-et-livre-dor-768x576.jpg 768w, https:\/\/constance-escobar.com\/wp-content\/uploads\/2021\/11\/5-immersion-et-livre-dor-720x540.jpg 720w, https:\/\/constance-escobar.com\/wp-content\/uploads\/2021\/11\/5-immersion-et-livre-dor-820x615.jpg 820w\" sizes=\"auto, (max-width: 820px) 100vw, 820px\" \/>\t\t\t\t\t\t\t\t\t\t\t\t\t\t\t<\/div>\n\t\t\t\t<\/div>\n\t\t\t\t\t<\/div>\n\t\t<\/div>\n\t\t\t\t\t\t\t<\/div>\n\t\t<\/section>\n\t\t\t\t\t\t\t<\/div>\n\t\t","protected":false},"excerpt":{"rendered":"<p>La r\u00e9clame est une \u00e9picerie fine o\u00f9 l\u2019on peut acheter des produits du terroir, d\u00e9jeuner, bruncher ou prendre l\u2019ap\u00e9ritif .\u00a0Cr\u00e9er [&hellip;]<\/p>\n","protected":false},"author":1,"featured_media":0,"parent":0,"menu_order":0,"comment_status":"closed","ping_status":"closed","template":"elementor_header_footer","meta":{"_monsterinsights_skip_tracking":false,"_monsterinsights_sitenote_active":false,"_monsterinsights_sitenote_note":"","_monsterinsights_sitenote_category":0,"footnotes":""},"class_list":["post-1015","page","type-page","status-publish","hentry","clearfix"],"_links":{"self":[{"href":"https:\/\/constance-escobar.com\/index.php\/wp-json\/wp\/v2\/pages\/1015","targetHints":{"allow":["GET"]}}],"collection":[{"href":"https:\/\/constance-escobar.com\/index.php\/wp-json\/wp\/v2\/pages"}],"about":[{"href":"https:\/\/constance-escobar.com\/index.php\/wp-json\/wp\/v2\/types\/page"}],"author":[{"embeddable":true,"href":"https:\/\/constance-escobar.com\/index.php\/wp-json\/wp\/v2\/users\/1"}],"replies":[{"embeddable":true,"href":"https:\/\/constance-escobar.com\/index.php\/wp-json\/wp\/v2\/comments?post=1015"}],"version-history":[{"count":7,"href":"https:\/\/constance-escobar.com\/index.php\/wp-json\/wp\/v2\/pages\/1015\/revisions"}],"predecessor-version":[{"id":1468,"href":"https:\/\/constance-escobar.com\/index.php\/wp-json\/wp\/v2\/pages\/1015\/revisions\/1468"}],"wp:attachment":[{"href":"https:\/\/constance-escobar.com\/index.php\/wp-json\/wp\/v2\/media?parent=1015"}],"curies":[{"name":"wp","href":"https:\/\/api.w.org\/{rel}","templated":true}]}}