{"id":1032,"date":"2021-11-11T21:07:43","date_gmt":"2021-11-11T21:07:43","guid":{"rendered":"https:\/\/constance-escobar.com\/?page_id=1032"},"modified":"2022-06-04T10:10:42","modified_gmt":"2022-06-04T10:10:42","slug":"taschen","status":"publish","type":"page","link":"https:\/\/constance-escobar.com\/index.php\/taschen\/","title":{"rendered":"Taschen"},"content":{"rendered":"\t\t<div data-elementor-type=\"wp-page\" data-elementor-id=\"1032\" class=\"elementor elementor-1032\">\n\t\t\t\t\t\t\t\t\t<section class=\"elementor-section elementor-top-section elementor-element elementor-element-2dc9bbd elementor-section-boxed elementor-section-height-default elementor-section-height-default\" data-id=\"2dc9bbd\" data-element_type=\"section\">\n\t\t\t\t\t\t<div class=\"elementor-container elementor-column-gap-default\">\n\t\t\t\t\t<div class=\"elementor-column elementor-col-100 elementor-top-column elementor-element elementor-element-2f71858\" data-id=\"2f71858\" data-element_type=\"column\">\n\t\t\t<div class=\"elementor-widget-wrap elementor-element-populated\">\n\t\t\t\t\t\t\t\t<div class=\"elementor-element elementor-element-fc33b24 elementor-widget elementor-widget-text-editor\" data-id=\"fc33b24\" data-element_type=\"widget\" data-widget_type=\"text-editor.default\">\n\t\t\t\t<div class=\"elementor-widget-container\">\n\t\t\t<style>\/*! elementor - v3.6.5 - 27-04-2022 *\/\n.elementor-widget-text-editor.elementor-drop-cap-view-stacked .elementor-drop-cap{background-color:#818a91;color:#fff}.elementor-widget-text-editor.elementor-drop-cap-view-framed .elementor-drop-cap{color:#818a91;border:3px solid;background-color:transparent}.elementor-widget-text-editor:not(.elementor-drop-cap-view-default) .elementor-drop-cap{margin-top:8px}.elementor-widget-text-editor:not(.elementor-drop-cap-view-default) .elementor-drop-cap-letter{width:1em;height:1em}.elementor-widget-text-editor .elementor-drop-cap{float:left;text-align:center;line-height:1;font-size:50px}.elementor-widget-text-editor .elementor-drop-cap-letter{display:inline-block}<\/style>\t\t\t\t<p>Taschen est une maison d\u2019\u00e9dition allemande proposant des beaux livres sur le th\u00e8me des arts.<\/p><p>R\u00e9aliser un livre sur la vie et l\u2019\u0153uvre d\u2019une personnalit\u00e9 du cin\u00e9ma.<\/p>\t\t\t\t\t\t<\/div>\n\t\t\t\t<\/div>\n\t\t\t\t\t<\/div>\n\t\t<\/div>\n\t\t\t\t\t\t\t<\/div>\n\t\t<\/section>\n\t\t\t\t<section class=\"elementor-section elementor-top-section elementor-element elementor-element-13277d9 elementor-section-boxed elementor-section-height-default elementor-section-height-default\" data-id=\"13277d9\" data-element_type=\"section\">\n\t\t\t\t\t\t<div class=\"elementor-container elementor-column-gap-default\">\n\t\t\t\t\t<div class=\"elementor-column elementor-col-100 elementor-top-column elementor-element elementor-element-c5586bb\" data-id=\"c5586bb\" data-element_type=\"column\">\n\t\t\t<div class=\"elementor-widget-wrap elementor-element-populated\">\n\t\t\t\t\t\t\t\t<div class=\"elementor-element elementor-element-02121c4 elementor-widget elementor-widget-image\" data-id=\"02121c4\" data-element_type=\"widget\" data-widget_type=\"image.default\">\n\t\t\t\t<div class=\"elementor-widget-container\">\n\t\t\t<style>\/*! elementor - v3.6.5 - 27-04-2022 *\/\n.elementor-widget-image{text-align:center}.elementor-widget-image a{display:inline-block}.elementor-widget-image a img[src$=\".svg\"]{width:48px}.elementor-widget-image img{vertical-align:middle;display:inline-block}<\/style>\t\t\t\t\t\t\t\t\t\t\t\t<img loading=\"lazy\" decoding=\"async\" width=\"820\" height=\"574\" src=\"https:\/\/constance-escobar.com\/wp-content\/uploads\/2021\/11\/couv-taschen-1024x717.png\" class=\"attachment-large size-large\" alt=\"\" srcset=\"https:\/\/constance-escobar.com\/wp-content\/uploads\/2021\/11\/couv-taschen-1024x717.png 1024w, https:\/\/constance-escobar.com\/wp-content\/uploads\/2021\/11\/couv-taschen-300x210.png 300w, https:\/\/constance-escobar.com\/wp-content\/uploads\/2021\/11\/couv-taschen-768x538.png 768w, https:\/\/constance-escobar.com\/wp-content\/uploads\/2021\/11\/couv-taschen-720x504.png 720w, https:\/\/constance-escobar.com\/wp-content\/uploads\/2021\/11\/couv-taschen-820x574.png 820w, https:\/\/constance-escobar.com\/wp-content\/uploads\/2021\/11\/couv-taschen.png 1200w\" sizes=\"auto, (max-width: 820px) 100vw, 820px\" \/>\t\t\t\t\t\t\t\t\t\t\t\t\t\t\t<\/div>\n\t\t\t\t<\/div>\n\t\t\t\t\t<\/div>\n\t\t<\/div>\n\t\t\t\t\t\t\t<\/div>\n\t\t<\/section>\n\t\t\t\t<section class=\"elementor-section elementor-top-section elementor-element elementor-element-8e2c40f elementor-section-boxed elementor-section-height-default elementor-section-height-default\" data-id=\"8e2c40f\" data-element_type=\"section\">\n\t\t\t\t\t\t<div class=\"elementor-container elementor-column-gap-default\">\n\t\t\t\t\t<div class=\"elementor-column elementor-col-50 elementor-top-column elementor-element elementor-element-31ab7a9\" data-id=\"31ab7a9\" data-element_type=\"column\">\n\t\t\t<div class=\"elementor-widget-wrap elementor-element-populated\">\n\t\t\t\t\t\t\t\t<div class=\"elementor-element elementor-element-17f834c elementor-widget elementor-widget-image\" data-id=\"17f834c\" data-element_type=\"widget\" data-widget_type=\"image.default\">\n\t\t\t\t<div class=\"elementor-widget-container\">\n\t\t\t\t\t\t\t\t\t\t\t\t\t\t\t<img loading=\"lazy\" decoding=\"async\" width=\"820\" height=\"574\" src=\"https:\/\/constance-escobar.com\/wp-content\/uploads\/2021\/11\/de\u0301buts-1024x717.png\" class=\"attachment-large size-large\" alt=\"\" srcset=\"https:\/\/constance-escobar.com\/wp-content\/uploads\/2021\/11\/de\u0301buts-1024x717.png 1024w, https:\/\/constance-escobar.com\/wp-content\/uploads\/2021\/11\/de\u0301buts-300x210.png 300w, https:\/\/constance-escobar.com\/wp-content\/uploads\/2021\/11\/de\u0301buts-768x538.png 768w, https:\/\/constance-escobar.com\/wp-content\/uploads\/2021\/11\/de\u0301buts-720x504.png 720w, https:\/\/constance-escobar.com\/wp-content\/uploads\/2021\/11\/de\u0301buts-820x574.png 820w, https:\/\/constance-escobar.com\/wp-content\/uploads\/2021\/11\/de\u0301buts.png 1200w\" sizes=\"auto, (max-width: 820px) 100vw, 820px\" \/>\t\t\t\t\t\t\t\t\t\t\t\t\t\t\t<\/div>\n\t\t\t\t<\/div>\n\t\t\t\t\t<\/div>\n\t\t<\/div>\n\t\t\t\t<div class=\"elementor-column elementor-col-50 elementor-top-column elementor-element elementor-element-226d6a4\" data-id=\"226d6a4\" data-element_type=\"column\">\n\t\t\t<div class=\"elementor-widget-wrap elementor-element-populated\">\n\t\t\t\t\t\t\t\t<div class=\"elementor-element elementor-element-d681d17 elementor-widget elementor-widget-image\" data-id=\"d681d17\" data-element_type=\"widget\" data-widget_type=\"image.default\">\n\t\t\t\t<div class=\"elementor-widget-container\">\n\t\t\t\t\t\t\t\t\t\t\t\t\t\t\t<img loading=\"lazy\" decoding=\"async\" width=\"820\" height=\"574\" src=\"https:\/\/constance-escobar.com\/wp-content\/uploads\/2021\/11\/filmo-selective-1024x717.png\" class=\"attachment-large size-large\" alt=\"\" srcset=\"https:\/\/constance-escobar.com\/wp-content\/uploads\/2021\/11\/filmo-selective-1024x717.png 1024w, https:\/\/constance-escobar.com\/wp-content\/uploads\/2021\/11\/filmo-selective-300x210.png 300w, https:\/\/constance-escobar.com\/wp-content\/uploads\/2021\/11\/filmo-selective-768x538.png 768w, https:\/\/constance-escobar.com\/wp-content\/uploads\/2021\/11\/filmo-selective-720x504.png 720w, https:\/\/constance-escobar.com\/wp-content\/uploads\/2021\/11\/filmo-selective-820x574.png 820w, https:\/\/constance-escobar.com\/wp-content\/uploads\/2021\/11\/filmo-selective.png 1200w\" sizes=\"auto, (max-width: 820px) 100vw, 820px\" \/>\t\t\t\t\t\t\t\t\t\t\t\t\t\t\t<\/div>\n\t\t\t\t<\/div>\n\t\t\t\t\t<\/div>\n\t\t<\/div>\n\t\t\t\t\t\t\t<\/div>\n\t\t<\/section>\n\t\t\t\t<section class=\"elementor-section elementor-top-section elementor-element elementor-element-622c05c elementor-section-boxed elementor-section-height-default elementor-section-height-default\" data-id=\"622c05c\" data-element_type=\"section\">\n\t\t\t\t\t\t<div class=\"elementor-container elementor-column-gap-default\">\n\t\t\t\t\t<div class=\"elementor-column elementor-col-50 elementor-top-column elementor-element elementor-element-df3dae5\" data-id=\"df3dae5\" data-element_type=\"column\">\n\t\t\t<div class=\"elementor-widget-wrap elementor-element-populated\">\n\t\t\t\t\t\t\t\t<div class=\"elementor-element elementor-element-1614ead elementor-widget elementor-widget-image\" data-id=\"1614ead\" data-element_type=\"widget\" data-widget_type=\"image.default\">\n\t\t\t\t<div class=\"elementor-widget-container\">\n\t\t\t\t\t\t\t\t\t\t\t\t\t\t\t<img loading=\"lazy\" decoding=\"async\" width=\"820\" height=\"574\" src=\"https:\/\/constance-escobar.com\/wp-content\/uploads\/2021\/11\/interview-1024x717.png\" class=\"attachment-large size-large\" alt=\"\" srcset=\"https:\/\/constance-escobar.com\/wp-content\/uploads\/2021\/11\/interview-1024x717.png 1024w, https:\/\/constance-escobar.com\/wp-content\/uploads\/2021\/11\/interview-300x210.png 300w, https:\/\/constance-escobar.com\/wp-content\/uploads\/2021\/11\/interview-768x538.png 768w, https:\/\/constance-escobar.com\/wp-content\/uploads\/2021\/11\/interview-720x504.png 720w, https:\/\/constance-escobar.com\/wp-content\/uploads\/2021\/11\/interview-820x574.png 820w, https:\/\/constance-escobar.com\/wp-content\/uploads\/2021\/11\/interview.png 1200w\" sizes=\"auto, (max-width: 820px) 100vw, 820px\" \/>\t\t\t\t\t\t\t\t\t\t\t\t\t\t\t<\/div>\n\t\t\t\t<\/div>\n\t\t\t\t\t<\/div>\n\t\t<\/div>\n\t\t\t\t<div class=\"elementor-column elementor-col-50 elementor-top-column elementor-element elementor-element-5a8c6e7\" data-id=\"5a8c6e7\" data-element_type=\"column\">\n\t\t\t<div class=\"elementor-widget-wrap elementor-element-populated\">\n\t\t\t\t\t\t\t\t<div class=\"elementor-element elementor-element-ffa80f9 elementor-widget elementor-widget-image\" data-id=\"ffa80f9\" data-element_type=\"widget\" data-widget_type=\"image.default\">\n\t\t\t\t<div class=\"elementor-widget-container\">\n\t\t\t\t\t\t\t\t\t\t\t\t\t\t\t<img loading=\"lazy\" decoding=\"async\" width=\"820\" height=\"574\" src=\"https:\/\/constance-escobar.com\/wp-content\/uploads\/2021\/11\/la-conse\u0301cration-1024x717.png\" class=\"attachment-large size-large\" alt=\"\" srcset=\"https:\/\/constance-escobar.com\/wp-content\/uploads\/2021\/11\/la-conse\u0301cration-1024x717.png 1024w, https:\/\/constance-escobar.com\/wp-content\/uploads\/2021\/11\/la-conse\u0301cration-300x210.png 300w, https:\/\/constance-escobar.com\/wp-content\/uploads\/2021\/11\/la-conse\u0301cration-768x538.png 768w, https:\/\/constance-escobar.com\/wp-content\/uploads\/2021\/11\/la-conse\u0301cration-720x504.png 720w, https:\/\/constance-escobar.com\/wp-content\/uploads\/2021\/11\/la-conse\u0301cration-820x574.png 820w, https:\/\/constance-escobar.com\/wp-content\/uploads\/2021\/11\/la-conse\u0301cration.png 1200w\" sizes=\"auto, (max-width: 820px) 100vw, 820px\" \/>\t\t\t\t\t\t\t\t\t\t\t\t\t\t\t<\/div>\n\t\t\t\t<\/div>\n\t\t\t\t\t<\/div>\n\t\t<\/div>\n\t\t\t\t\t\t\t<\/div>\n\t\t<\/section>\n\t\t\t\t\t\t\t<\/div>\n\t\t","protected":false},"excerpt":{"rendered":"<p>Taschen est une maison d\u2019\u00e9dition allemande proposant des beaux livres sur le th\u00e8me des arts. R\u00e9aliser un livre sur la [&hellip;]<\/p>\n","protected":false},"author":1,"featured_media":0,"parent":0,"menu_order":0,"comment_status":"closed","ping_status":"closed","template":"elementor_header_footer","meta":{"_monsterinsights_skip_tracking":false,"_monsterinsights_sitenote_active":false,"_monsterinsights_sitenote_note":"","_monsterinsights_sitenote_category":0,"footnotes":""},"class_list":["post-1032","page","type-page","status-publish","hentry","clearfix"],"_links":{"self":[{"href":"https:\/\/constance-escobar.com\/index.php\/wp-json\/wp\/v2\/pages\/1032","targetHints":{"allow":["GET"]}}],"collection":[{"href":"https:\/\/constance-escobar.com\/index.php\/wp-json\/wp\/v2\/pages"}],"about":[{"href":"https:\/\/constance-escobar.com\/index.php\/wp-json\/wp\/v2\/types\/page"}],"author":[{"embeddable":true,"href":"https:\/\/constance-escobar.com\/index.php\/wp-json\/wp\/v2\/users\/1"}],"replies":[{"embeddable":true,"href":"https:\/\/constance-escobar.com\/index.php\/wp-json\/wp\/v2\/comments?post=1032"}],"version-history":[{"count":10,"href":"https:\/\/constance-escobar.com\/index.php\/wp-json\/wp\/v2\/pages\/1032\/revisions"}],"predecessor-version":[{"id":1474,"href":"https:\/\/constance-escobar.com\/index.php\/wp-json\/wp\/v2\/pages\/1032\/revisions\/1474"}],"wp:attachment":[{"href":"https:\/\/constance-escobar.com\/index.php\/wp-json\/wp\/v2\/media?parent=1032"}],"curies":[{"name":"wp","href":"https:\/\/api.w.org\/{rel}","templated":true}]}}