{"id":1042,"date":"2021-11-11T21:51:21","date_gmt":"2021-11-11T21:51:21","guid":{"rendered":"https:\/\/constance-escobar.com\/?page_id=1042"},"modified":"2021-11-11T21:55:10","modified_gmt":"2021-11-11T21:55:10","slug":"indavia","status":"publish","type":"page","link":"https:\/\/constance-escobar.com\/index.php\/indavia\/","title":{"rendered":"Ind&#8217;avia"},"content":{"rendered":"\t\t<div data-elementor-type=\"wp-page\" data-elementor-id=\"1042\" class=\"elementor elementor-1042\">\n\t\t\t\t\t\t\t\t\t<section class=\"elementor-section elementor-top-section elementor-element elementor-element-c0f08f7 elementor-section-boxed elementor-section-height-default elementor-section-height-default\" data-id=\"c0f08f7\" data-element_type=\"section\">\n\t\t\t\t\t\t<div class=\"elementor-container elementor-column-gap-default\">\n\t\t\t\t\t<div class=\"elementor-column elementor-col-100 elementor-top-column elementor-element elementor-element-0444280\" data-id=\"0444280\" data-element_type=\"column\">\n\t\t\t<div class=\"elementor-widget-wrap elementor-element-populated\">\n\t\t\t\t\t\t\t\t<div class=\"elementor-element elementor-element-84d134e elementor-widget elementor-widget-text-editor\" data-id=\"84d134e\" data-element_type=\"widget\" data-widget_type=\"text-editor.default\">\n\t\t\t\t<div class=\"elementor-widget-container\">\n\t\t\t<style>\/*! elementor - v3.6.5 - 27-04-2022 *\/\n.elementor-widget-text-editor.elementor-drop-cap-view-stacked .elementor-drop-cap{background-color:#818a91;color:#fff}.elementor-widget-text-editor.elementor-drop-cap-view-framed .elementor-drop-cap{color:#818a91;border:3px solid;background-color:transparent}.elementor-widget-text-editor:not(.elementor-drop-cap-view-default) .elementor-drop-cap{margin-top:8px}.elementor-widget-text-editor:not(.elementor-drop-cap-view-default) .elementor-drop-cap-letter{width:1em;height:1em}.elementor-widget-text-editor .elementor-drop-cap{float:left;text-align:center;line-height:1;font-size:50px}.elementor-widget-text-editor .elementor-drop-cap-letter{display:inline-block}<\/style>\t\t\t\t<p>Ind\u2019avia est une marque d\u00e9velopp\u00e9e dans le cadre du partenariat Indian Business Crossways. Ce dernier s\u2019est cr\u00e9\u00e9 entre Eurinicia, entreprise de conseil en marketing dans le domaine de l\u2019a\u00e9ronautique et un cabinet de conseil en marketing indien, situ\u00e9 \u00e0 Bombay. <br \/><br \/>Cr\u00e9er l\u2019identit\u00e9 d\u2019Ind\u2019avia. Le logo doit \u00eatre sobre et contenir un \u00e9l\u00e9ment repr\u00e9sentatif de l\u2019aviation.<br \/>R\u00e9aliser un sponsorship book, brochure pr\u00e9sentant les offres de sponsoring d\u2019Ind\u2019avia<\/p>\t\t\t\t\t\t<\/div>\n\t\t\t\t<\/div>\n\t\t\t\t\t<\/div>\n\t\t<\/div>\n\t\t\t\t\t\t\t<\/div>\n\t\t<\/section>\n\t\t\t\t<section class=\"elementor-section elementor-top-section elementor-element elementor-element-3bb0e5c elementor-section-boxed elementor-section-height-default elementor-section-height-default\" data-id=\"3bb0e5c\" data-element_type=\"section\">\n\t\t\t\t\t\t<div class=\"elementor-container elementor-column-gap-default\">\n\t\t\t\t\t<div class=\"elementor-column elementor-col-50 elementor-top-column elementor-element elementor-element-9728bfd\" data-id=\"9728bfd\" data-element_type=\"column\">\n\t\t\t<div class=\"elementor-widget-wrap elementor-element-populated\">\n\t\t\t\t\t\t\t\t<div class=\"elementor-element elementor-element-fb37e8a elementor-widget elementor-widget-image\" data-id=\"fb37e8a\" data-element_type=\"widget\" data-widget_type=\"image.default\">\n\t\t\t\t<div class=\"elementor-widget-container\">\n\t\t\t<style>\/*! elementor - v3.6.5 - 27-04-2022 *\/\n.elementor-widget-image{text-align:center}.elementor-widget-image a{display:inline-block}.elementor-widget-image a img[src$=\".svg\"]{width:48px}.elementor-widget-image img{vertical-align:middle;display:inline-block}<\/style>\t\t\t\t\t\t\t\t\t\t\t\t<img loading=\"lazy\" decoding=\"async\" width=\"820\" height=\"547\" src=\"https:\/\/constance-escobar.com\/wp-content\/uploads\/2021\/11\/Branding-Identity-1024x683.png\" class=\"attachment-large size-large\" alt=\"\" srcset=\"https:\/\/constance-escobar.com\/wp-content\/uploads\/2021\/11\/Branding-Identity-1024x683.png 1024w, https:\/\/constance-escobar.com\/wp-content\/uploads\/2021\/11\/Branding-Identity-300x200.png 300w, https:\/\/constance-escobar.com\/wp-content\/uploads\/2021\/11\/Branding-Identity-768x512.png 768w, https:\/\/constance-escobar.com\/wp-content\/uploads\/2021\/11\/Branding-Identity-720x480.png 720w, https:\/\/constance-escobar.com\/wp-content\/uploads\/2021\/11\/Branding-Identity-820x547.png 820w, https:\/\/constance-escobar.com\/wp-content\/uploads\/2021\/11\/Branding-Identity.png 1200w\" sizes=\"auto, (max-width: 820px) 100vw, 820px\" \/>\t\t\t\t\t\t\t\t\t\t\t\t\t\t\t<\/div>\n\t\t\t\t<\/div>\n\t\t\t\t\t<\/div>\n\t\t<\/div>\n\t\t\t\t<div class=\"elementor-column elementor-col-50 elementor-top-column elementor-element elementor-element-7818944\" data-id=\"7818944\" data-element_type=\"column\">\n\t\t\t<div class=\"elementor-widget-wrap elementor-element-populated\">\n\t\t\t\t\t\t\t\t<div class=\"elementor-element elementor-element-5463736 elementor-widget elementor-widget-image\" data-id=\"5463736\" data-element_type=\"widget\" data-widget_type=\"image.default\">\n\t\t\t\t<div class=\"elementor-widget-container\">\n\t\t\t\t\t\t\t\t\t\t\t\t\t\t\t<img loading=\"lazy\" decoding=\"async\" width=\"820\" height=\"547\" src=\"https:\/\/constance-escobar.com\/wp-content\/uploads\/2021\/11\/Cartes-visite-1024x683.png\" class=\"attachment-large size-large\" alt=\"\" srcset=\"https:\/\/constance-escobar.com\/wp-content\/uploads\/2021\/11\/Cartes-visite-1024x683.png 1024w, https:\/\/constance-escobar.com\/wp-content\/uploads\/2021\/11\/Cartes-visite-300x200.png 300w, https:\/\/constance-escobar.com\/wp-content\/uploads\/2021\/11\/Cartes-visite-768x512.png 768w, https:\/\/constance-escobar.com\/wp-content\/uploads\/2021\/11\/Cartes-visite-720x480.png 720w, https:\/\/constance-escobar.com\/wp-content\/uploads\/2021\/11\/Cartes-visite-820x547.png 820w, https:\/\/constance-escobar.com\/wp-content\/uploads\/2021\/11\/Cartes-visite.png 1200w\" sizes=\"auto, (max-width: 820px) 100vw, 820px\" \/>\t\t\t\t\t\t\t\t\t\t\t\t\t\t\t<\/div>\n\t\t\t\t<\/div>\n\t\t\t\t\t<\/div>\n\t\t<\/div>\n\t\t\t\t\t\t\t<\/div>\n\t\t<\/section>\n\t\t\t\t<section class=\"elementor-section elementor-top-section elementor-element elementor-element-a5f71c5 elementor-section-boxed elementor-section-height-default elementor-section-height-default\" data-id=\"a5f71c5\" data-element_type=\"section\">\n\t\t\t\t\t\t<div class=\"elementor-container elementor-column-gap-default\">\n\t\t\t\t\t<div class=\"elementor-column elementor-col-100 elementor-top-column elementor-element elementor-element-0621fc7\" data-id=\"0621fc7\" data-element_type=\"column\">\n\t\t\t<div class=\"elementor-widget-wrap elementor-element-populated\">\n\t\t\t\t\t\t\t\t<div class=\"elementor-element elementor-element-33e4ae5 elementor-widget elementor-widget-spacer\" data-id=\"33e4ae5\" data-element_type=\"widget\" data-widget_type=\"spacer.default\">\n\t\t\t\t<div class=\"elementor-widget-container\">\n\t\t\t<style>\/*! elementor - v3.6.5 - 27-04-2022 *\/\n.e-container.e-container--row .elementor-spacer-inner{width:var(--spacer-size)}.e-container.e-container--column .elementor-spacer-inner,.elementor-column .elementor-spacer-inner{height:var(--spacer-size)}<\/style>\t\t<div class=\"elementor-spacer\">\n\t\t\t<div class=\"elementor-spacer-inner\"><\/div>\n\t\t<\/div>\n\t\t\t\t<\/div>\n\t\t\t\t<\/div>\n\t\t\t\t\t<\/div>\n\t\t<\/div>\n\t\t\t\t\t\t\t<\/div>\n\t\t<\/section>\n\t\t\t\t<section class=\"elementor-section elementor-top-section elementor-element elementor-element-eecf160 elementor-section-boxed elementor-section-height-default elementor-section-height-default\" data-id=\"eecf160\" data-element_type=\"section\">\n\t\t\t\t\t\t<div class=\"elementor-container elementor-column-gap-default\">\n\t\t\t\t\t<div class=\"elementor-column elementor-col-100 elementor-top-column elementor-element elementor-element-df92c28\" data-id=\"df92c28\" data-element_type=\"column\">\n\t\t\t<div class=\"elementor-widget-wrap elementor-element-populated\">\n\t\t\t\t\t\t\t\t<div class=\"elementor-element elementor-element-ea266a7 elementor-widget elementor-widget-image\" data-id=\"ea266a7\" data-element_type=\"widget\" data-widget_type=\"image.default\">\n\t\t\t\t<div class=\"elementor-widget-container\">\n\t\t\t\t\t\t\t\t\t\t\t\t\t\t\t<img loading=\"lazy\" decoding=\"async\" width=\"820\" height=\"547\" src=\"https:\/\/constance-escobar.com\/wp-content\/uploads\/2021\/11\/Mockup-couv-SB-1024x683.png\" class=\"attachment-large size-large\" alt=\"\" srcset=\"https:\/\/constance-escobar.com\/wp-content\/uploads\/2021\/11\/Mockup-couv-SB-1024x683.png 1024w, https:\/\/constance-escobar.com\/wp-content\/uploads\/2021\/11\/Mockup-couv-SB-300x200.png 300w, https:\/\/constance-escobar.com\/wp-content\/uploads\/2021\/11\/Mockup-couv-SB-768x512.png 768w, https:\/\/constance-escobar.com\/wp-content\/uploads\/2021\/11\/Mockup-couv-SB-720x480.png 720w, https:\/\/constance-escobar.com\/wp-content\/uploads\/2021\/11\/Mockup-couv-SB-820x547.png 820w, https:\/\/constance-escobar.com\/wp-content\/uploads\/2021\/11\/Mockup-couv-SB.png 1200w\" sizes=\"auto, (max-width: 820px) 100vw, 820px\" \/>\t\t\t\t\t\t\t\t\t\t\t\t\t\t\t<\/div>\n\t\t\t\t<\/div>\n\t\t\t\t\t<\/div>\n\t\t<\/div>\n\t\t\t\t\t\t\t<\/div>\n\t\t<\/section>\n\t\t\t\t<section class=\"elementor-section elementor-top-section elementor-element elementor-element-d7701d9 elementor-section-boxed elementor-section-height-default elementor-section-height-default\" data-id=\"d7701d9\" data-element_type=\"section\">\n\t\t\t\t\t\t<div class=\"elementor-container elementor-column-gap-default\">\n\t\t\t\t\t<div class=\"elementor-column elementor-col-50 elementor-top-column elementor-element elementor-element-c3905cf\" data-id=\"c3905cf\" data-element_type=\"column\">\n\t\t\t<div class=\"elementor-widget-wrap elementor-element-populated\">\n\t\t\t\t\t\t\t\t<div class=\"elementor-element elementor-element-59de02b elementor-widget elementor-widget-image\" data-id=\"59de02b\" data-element_type=\"widget\" data-widget_type=\"image.default\">\n\t\t\t\t<div class=\"elementor-widget-container\">\n\t\t\t\t\t\t\t\t\t\t\t\t\t\t\t<img loading=\"lazy\" decoding=\"async\" width=\"820\" height=\"547\" src=\"https:\/\/constance-escobar.com\/wp-content\/uploads\/2021\/11\/Mockup-pages-2-3-SB-1024x683.png\" class=\"attachment-large size-large\" alt=\"\" srcset=\"https:\/\/constance-escobar.com\/wp-content\/uploads\/2021\/11\/Mockup-pages-2-3-SB-1024x683.png 1024w, https:\/\/constance-escobar.com\/wp-content\/uploads\/2021\/11\/Mockup-pages-2-3-SB-300x200.png 300w, https:\/\/constance-escobar.com\/wp-content\/uploads\/2021\/11\/Mockup-pages-2-3-SB-768x512.png 768w, https:\/\/constance-escobar.com\/wp-content\/uploads\/2021\/11\/Mockup-pages-2-3-SB-720x480.png 720w, https:\/\/constance-escobar.com\/wp-content\/uploads\/2021\/11\/Mockup-pages-2-3-SB-820x547.png 820w, https:\/\/constance-escobar.com\/wp-content\/uploads\/2021\/11\/Mockup-pages-2-3-SB.png 1200w\" sizes=\"auto, (max-width: 820px) 100vw, 820px\" \/>\t\t\t\t\t\t\t\t\t\t\t\t\t\t\t<\/div>\n\t\t\t\t<\/div>\n\t\t\t\t\t<\/div>\n\t\t<\/div>\n\t\t\t\t<div class=\"elementor-column elementor-col-50 elementor-top-column elementor-element elementor-element-9eba79a\" data-id=\"9eba79a\" data-element_type=\"column\">\n\t\t\t<div class=\"elementor-widget-wrap elementor-element-populated\">\n\t\t\t\t\t\t\t\t<div class=\"elementor-element elementor-element-eaa5dbf elementor-widget elementor-widget-image\" data-id=\"eaa5dbf\" data-element_type=\"widget\" data-widget_type=\"image.default\">\n\t\t\t\t<div class=\"elementor-widget-container\">\n\t\t\t\t\t\t\t\t\t\t\t\t\t\t\t<img loading=\"lazy\" decoding=\"async\" width=\"820\" height=\"547\" src=\"https:\/\/constance-escobar.com\/wp-content\/uploads\/2021\/11\/Mockup-pages-4-5-SB-1024x683.png\" class=\"attachment-large size-large\" alt=\"\" srcset=\"https:\/\/constance-escobar.com\/wp-content\/uploads\/2021\/11\/Mockup-pages-4-5-SB-1024x683.png 1024w, https:\/\/constance-escobar.com\/wp-content\/uploads\/2021\/11\/Mockup-pages-4-5-SB-300x200.png 300w, https:\/\/constance-escobar.com\/wp-content\/uploads\/2021\/11\/Mockup-pages-4-5-SB-768x512.png 768w, https:\/\/constance-escobar.com\/wp-content\/uploads\/2021\/11\/Mockup-pages-4-5-SB-720x480.png 720w, https:\/\/constance-escobar.com\/wp-content\/uploads\/2021\/11\/Mockup-pages-4-5-SB-820x547.png 820w, https:\/\/constance-escobar.com\/wp-content\/uploads\/2021\/11\/Mockup-pages-4-5-SB.png 1200w\" sizes=\"auto, (max-width: 820px) 100vw, 820px\" \/>\t\t\t\t\t\t\t\t\t\t\t\t\t\t\t<\/div>\n\t\t\t\t<\/div>\n\t\t\t\t\t<\/div>\n\t\t<\/div>\n\t\t\t\t\t\t\t<\/div>\n\t\t<\/section>\n\t\t\t\t\t\t\t<\/div>\n\t\t","protected":false},"excerpt":{"rendered":"<p>Ind\u2019avia est une marque d\u00e9velopp\u00e9e dans le cadre du partenariat Indian Business Crossways. Ce dernier s\u2019est cr\u00e9\u00e9 entre Eurinicia, entreprise [&hellip;]<\/p>\n","protected":false},"author":1,"featured_media":0,"parent":0,"menu_order":0,"comment_status":"closed","ping_status":"closed","template":"elementor_header_footer","meta":{"_monsterinsights_skip_tracking":false,"_monsterinsights_sitenote_active":false,"_monsterinsights_sitenote_note":"","_monsterinsights_sitenote_category":0,"footnotes":""},"class_list":["post-1042","page","type-page","status-publish","hentry","clearfix"],"_links":{"self":[{"href":"https:\/\/constance-escobar.com\/index.php\/wp-json\/wp\/v2\/pages\/1042","targetHints":{"allow":["GET"]}}],"collection":[{"href":"https:\/\/constance-escobar.com\/index.php\/wp-json\/wp\/v2\/pages"}],"about":[{"href":"https:\/\/constance-escobar.com\/index.php\/wp-json\/wp\/v2\/types\/page"}],"author":[{"embeddable":true,"href":"https:\/\/constance-escobar.com\/index.php\/wp-json\/wp\/v2\/users\/1"}],"replies":[{"embeddable":true,"href":"https:\/\/constance-escobar.com\/index.php\/wp-json\/wp\/v2\/comments?post=1042"}],"version-history":[{"count":4,"href":"https:\/\/constance-escobar.com\/index.php\/wp-json\/wp\/v2\/pages\/1042\/revisions"}],"predecessor-version":[{"id":1051,"href":"https:\/\/constance-escobar.com\/index.php\/wp-json\/wp\/v2\/pages\/1042\/revisions\/1051"}],"wp:attachment":[{"href":"https:\/\/constance-escobar.com\/index.php\/wp-json\/wp\/v2\/media?parent=1042"}],"curies":[{"name":"wp","href":"https:\/\/api.w.org\/{rel}","templated":true}]}}