{"id":1052,"date":"2021-11-12T13:42:56","date_gmt":"2021-11-12T13:42:56","guid":{"rendered":"https:\/\/constance-escobar.com\/?page_id=1052"},"modified":"2022-06-04T10:05:58","modified_gmt":"2022-06-04T10:05:58","slug":"iphone-7","status":"publish","type":"page","link":"https:\/\/constance-escobar.com\/index.php\/iphone-7\/","title":{"rendered":"iPhone 7"},"content":{"rendered":"\t\t<div data-elementor-type=\"wp-page\" data-elementor-id=\"1052\" class=\"elementor elementor-1052\">\n\t\t\t\t\t\t\t\t\t<section class=\"elementor-section elementor-top-section elementor-element elementor-element-4f54baf elementor-section-boxed elementor-section-height-default elementor-section-height-default\" data-id=\"4f54baf\" data-element_type=\"section\">\n\t\t\t\t\t\t<div class=\"elementor-container elementor-column-gap-default\">\n\t\t\t\t\t<div class=\"elementor-column elementor-col-100 elementor-top-column elementor-element elementor-element-5465fdb\" data-id=\"5465fdb\" data-element_type=\"column\">\n\t\t\t<div class=\"elementor-widget-wrap elementor-element-populated\">\n\t\t\t\t\t\t\t\t<div class=\"elementor-element elementor-element-8156c66 elementor-widget elementor-widget-text-editor\" data-id=\"8156c66\" data-element_type=\"widget\" data-widget_type=\"text-editor.default\">\n\t\t\t\t<div class=\"elementor-widget-container\">\n\t\t\t<style>\/*! elementor - v3.6.5 - 27-04-2022 *\/\n.elementor-widget-text-editor.elementor-drop-cap-view-stacked .elementor-drop-cap{background-color:#818a91;color:#fff}.elementor-widget-text-editor.elementor-drop-cap-view-framed .elementor-drop-cap{color:#818a91;border:3px solid;background-color:transparent}.elementor-widget-text-editor:not(.elementor-drop-cap-view-default) .elementor-drop-cap{margin-top:8px}.elementor-widget-text-editor:not(.elementor-drop-cap-view-default) .elementor-drop-cap-letter{width:1em;height:1em}.elementor-widget-text-editor .elementor-drop-cap{float:left;text-align:center;line-height:1;font-size:50px}.elementor-widget-text-editor .elementor-drop-cap-letter{display:inline-block}<\/style>\t\t\t\t<p>Cr\u00e9er une campagne 360\u00b0 pour le nouvel iPhone. <br \/>Ce projet a \u00e9t\u00e9 cr\u00e9\u00e9e lors d\u2019un workshop. <br \/>A cette \u00e9poque, l\u2019iPhone 7 n\u2019\u00e9tait pas encore sorti. Il fallait donc b\u00e2tir notre campagne sur des rumeurs. La plus persistante \u00e9tait la technologie LiFi. Cette nouvelle technologie permet de partager des donn\u00e9es via la lumi\u00e8re d\u2019ampoules LED. <br \/>Nous avons centr\u00e9 notre strat\u00e9gie sur la mise en avant des performances et innovations de l\u2019iPhone gr\u00e2ce \u00e0 la technologie LiFi. Avec cette strat\u00e9gie, nous voulions sensibiliser \u00e0 l\u2019\u00e9cologie.<\/p>\t\t\t\t\t\t<\/div>\n\t\t\t\t<\/div>\n\t\t\t\t\t<\/div>\n\t\t<\/div>\n\t\t\t\t\t\t\t<\/div>\n\t\t<\/section>\n\t\t\t\t<section class=\"elementor-section elementor-top-section elementor-element elementor-element-e61d337 elementor-section-boxed elementor-section-height-default elementor-section-height-default\" data-id=\"e61d337\" data-element_type=\"section\">\n\t\t\t\t\t\t<div class=\"elementor-container elementor-column-gap-default\">\n\t\t\t\t\t<div class=\"elementor-column elementor-col-100 elementor-top-column elementor-element elementor-element-821b810\" data-id=\"821b810\" data-element_type=\"column\">\n\t\t\t<div class=\"elementor-widget-wrap elementor-element-populated\">\n\t\t\t\t\t\t\t\t<div class=\"elementor-element elementor-element-d2f1a08 elementor-widget elementor-widget-image\" data-id=\"d2f1a08\" data-element_type=\"widget\" data-widget_type=\"image.default\">\n\t\t\t\t<div class=\"elementor-widget-container\">\n\t\t\t<style>\/*! elementor - v3.6.5 - 27-04-2022 *\/\n.elementor-widget-image{text-align:center}.elementor-widget-image a{display:inline-block}.elementor-widget-image a img[src$=\".svg\"]{width:48px}.elementor-widget-image img{vertical-align:middle;display:inline-block}<\/style>\t\t\t\t\t\t\t\t\t\t\t\t<img loading=\"lazy\" decoding=\"async\" width=\"820\" height=\"547\" src=\"https:\/\/constance-escobar.com\/wp-content\/uploads\/2021\/11\/Mise-en-situation-1024x683.png\" class=\"attachment-large size-large\" alt=\"\" srcset=\"https:\/\/constance-escobar.com\/wp-content\/uploads\/2021\/11\/Mise-en-situation-1024x683.png 1024w, https:\/\/constance-escobar.com\/wp-content\/uploads\/2021\/11\/Mise-en-situation-300x200.png 300w, https:\/\/constance-escobar.com\/wp-content\/uploads\/2021\/11\/Mise-en-situation-768x512.png 768w, https:\/\/constance-escobar.com\/wp-content\/uploads\/2021\/11\/Mise-en-situation-1536x1024.png 1536w, https:\/\/constance-escobar.com\/wp-content\/uploads\/2021\/11\/Mise-en-situation-2048x1365.png 2048w, https:\/\/constance-escobar.com\/wp-content\/uploads\/2021\/11\/Mise-en-situation-720x480.png 720w, https:\/\/constance-escobar.com\/wp-content\/uploads\/2021\/11\/Mise-en-situation-820x547.png 820w\" sizes=\"auto, (max-width: 820px) 100vw, 820px\" \/>\t\t\t\t\t\t\t\t\t\t\t\t\t\t\t<\/div>\n\t\t\t\t<\/div>\n\t\t\t\t\t<\/div>\n\t\t<\/div>\n\t\t\t\t\t\t\t<\/div>\n\t\t<\/section>\n\t\t\t\t<section class=\"elementor-section elementor-top-section elementor-element elementor-element-71ac29c elementor-section-boxed elementor-section-height-default elementor-section-height-default\" data-id=\"71ac29c\" data-element_type=\"section\">\n\t\t\t\t\t\t<div class=\"elementor-container elementor-column-gap-default\">\n\t\t\t\t\t<div class=\"elementor-column elementor-col-50 elementor-top-column elementor-element elementor-element-0528eda\" data-id=\"0528eda\" data-element_type=\"column\">\n\t\t\t<div class=\"elementor-widget-wrap elementor-element-populated\">\n\t\t\t\t\t\t\t\t<div class=\"elementor-element elementor-element-817cf83 elementor-widget elementor-widget-image\" data-id=\"817cf83\" data-element_type=\"widget\" data-widget_type=\"image.default\">\n\t\t\t\t<div class=\"elementor-widget-container\">\n\t\t\t\t\t\t\t\t\t\t\t\t\t\t\t<img loading=\"lazy\" decoding=\"async\" width=\"820\" height=\"547\" src=\"https:\/\/constance-escobar.com\/wp-content\/uploads\/2021\/11\/Mockup-abris-bus-iphone-batterie-diapo-1024x683.png\" class=\"attachment-large size-large\" alt=\"\" srcset=\"https:\/\/constance-escobar.com\/wp-content\/uploads\/2021\/11\/Mockup-abris-bus-iphone-batterie-diapo-1024x683.png 1024w, https:\/\/constance-escobar.com\/wp-content\/uploads\/2021\/11\/Mockup-abris-bus-iphone-batterie-diapo-300x200.png 300w, https:\/\/constance-escobar.com\/wp-content\/uploads\/2021\/11\/Mockup-abris-bus-iphone-batterie-diapo-768x512.png 768w, https:\/\/constance-escobar.com\/wp-content\/uploads\/2021\/11\/Mockup-abris-bus-iphone-batterie-diapo-720x480.png 720w, https:\/\/constance-escobar.com\/wp-content\/uploads\/2021\/11\/Mockup-abris-bus-iphone-batterie-diapo-820x547.png 820w, https:\/\/constance-escobar.com\/wp-content\/uploads\/2021\/11\/Mockup-abris-bus-iphone-batterie-diapo.png 1200w\" sizes=\"auto, (max-width: 820px) 100vw, 820px\" \/>\t\t\t\t\t\t\t\t\t\t\t\t\t\t\t<\/div>\n\t\t\t\t<\/div>\n\t\t\t\t\t<\/div>\n\t\t<\/div>\n\t\t\t\t<div class=\"elementor-column elementor-col-50 elementor-top-column elementor-element elementor-element-a7b00d8\" data-id=\"a7b00d8\" data-element_type=\"column\">\n\t\t\t<div class=\"elementor-widget-wrap elementor-element-populated\">\n\t\t\t\t\t\t\t\t<div class=\"elementor-element elementor-element-1b990e4 elementor-widget elementor-widget-image\" data-id=\"1b990e4\" data-element_type=\"widget\" data-widget_type=\"image.default\">\n\t\t\t\t<div class=\"elementor-widget-container\">\n\t\t\t\t\t\t\t\t\t\t\t\t\t\t\t<img loading=\"lazy\" decoding=\"async\" width=\"820\" height=\"547\" src=\"https:\/\/constance-escobar.com\/wp-content\/uploads\/2021\/11\/Mockup-abris-bus-iphone-wifi-1024x683.png\" class=\"attachment-large size-large\" alt=\"\" srcset=\"https:\/\/constance-escobar.com\/wp-content\/uploads\/2021\/11\/Mockup-abris-bus-iphone-wifi-1024x683.png 1024w, https:\/\/constance-escobar.com\/wp-content\/uploads\/2021\/11\/Mockup-abris-bus-iphone-wifi-300x200.png 300w, https:\/\/constance-escobar.com\/wp-content\/uploads\/2021\/11\/Mockup-abris-bus-iphone-wifi-768x512.png 768w, https:\/\/constance-escobar.com\/wp-content\/uploads\/2021\/11\/Mockup-abris-bus-iphone-wifi-720x480.png 720w, https:\/\/constance-escobar.com\/wp-content\/uploads\/2021\/11\/Mockup-abris-bus-iphone-wifi-820x547.png 820w, https:\/\/constance-escobar.com\/wp-content\/uploads\/2021\/11\/Mockup-abris-bus-iphone-wifi.png 1200w\" sizes=\"auto, (max-width: 820px) 100vw, 820px\" \/>\t\t\t\t\t\t\t\t\t\t\t\t\t\t\t<\/div>\n\t\t\t\t<\/div>\n\t\t\t\t\t<\/div>\n\t\t<\/div>\n\t\t\t\t\t\t\t<\/div>\n\t\t<\/section>\n\t\t\t\t<section class=\"elementor-section elementor-top-section elementor-element elementor-element-b8b466f elementor-section-boxed elementor-section-height-default elementor-section-height-default\" data-id=\"b8b466f\" data-element_type=\"section\">\n\t\t\t\t\t\t<div class=\"elementor-container elementor-column-gap-default\">\n\t\t\t\t\t<div class=\"elementor-column elementor-col-100 elementor-top-column elementor-element elementor-element-fb5ad8c\" data-id=\"fb5ad8c\" data-element_type=\"column\">\n\t\t\t<div class=\"elementor-widget-wrap elementor-element-populated\">\n\t\t\t\t\t\t\t\t<div class=\"elementor-element elementor-element-cb6d6af elementor-widget elementor-widget-text-editor\" data-id=\"cb6d6af\" data-element_type=\"widget\" data-widget_type=\"text-editor.default\">\n\t\t\t\t<div class=\"elementor-widget-container\">\n\t\t\t\t\t\t\t<p>Campagne print<\/p>\t\t\t\t\t\t<\/div>\n\t\t\t\t<\/div>\n\t\t\t\t\t<\/div>\n\t\t<\/div>\n\t\t\t\t\t\t\t<\/div>\n\t\t<\/section>\n\t\t\t\t<section class=\"elementor-section elementor-top-section elementor-element elementor-element-30887a7 elementor-section-boxed elementor-section-height-default elementor-section-height-default\" data-id=\"30887a7\" data-element_type=\"section\">\n\t\t\t\t\t\t<div class=\"elementor-container elementor-column-gap-default\">\n\t\t\t\t\t<div class=\"elementor-column elementor-col-100 elementor-top-column elementor-element elementor-element-e7befca\" data-id=\"e7befca\" data-element_type=\"column\">\n\t\t\t<div class=\"elementor-widget-wrap elementor-element-populated\">\n\t\t\t\t\t\t\t\t<div class=\"elementor-element elementor-element-6ced1d9 elementor-widget elementor-widget-spacer\" data-id=\"6ced1d9\" data-element_type=\"widget\" data-widget_type=\"spacer.default\">\n\t\t\t\t<div class=\"elementor-widget-container\">\n\t\t\t<style>\/*! elementor - v3.6.5 - 27-04-2022 *\/\n.e-container.e-container--row .elementor-spacer-inner{width:var(--spacer-size)}.e-container.e-container--column .elementor-spacer-inner,.elementor-column .elementor-spacer-inner{height:var(--spacer-size)}<\/style>\t\t<div class=\"elementor-spacer\">\n\t\t\t<div class=\"elementor-spacer-inner\"><\/div>\n\t\t<\/div>\n\t\t\t\t<\/div>\n\t\t\t\t<\/div>\n\t\t\t\t\t<\/div>\n\t\t<\/div>\n\t\t\t\t\t\t\t<\/div>\n\t\t<\/section>\n\t\t\t\t<section class=\"elementor-section elementor-top-section elementor-element elementor-element-d7e984f elementor-section-boxed elementor-section-height-default elementor-section-height-default\" data-id=\"d7e984f\" data-element_type=\"section\">\n\t\t\t\t\t\t<div class=\"elementor-container elementor-column-gap-default\">\n\t\t\t\t\t<div class=\"elementor-column elementor-col-50 elementor-top-column elementor-element elementor-element-592b9ed\" data-id=\"592b9ed\" data-element_type=\"column\">\n\t\t\t<div class=\"elementor-widget-wrap elementor-element-populated\">\n\t\t\t\t\t\t\t\t<div class=\"elementor-element elementor-element-2bcf1f8 elementor-widget elementor-widget-image\" data-id=\"2bcf1f8\" data-element_type=\"widget\" data-widget_type=\"image.default\">\n\t\t\t\t<div class=\"elementor-widget-container\">\n\t\t\t\t\t\t\t\t\t\t\t\t\t\t\t<img loading=\"lazy\" decoding=\"async\" width=\"820\" height=\"615\" src=\"https:\/\/constance-escobar.com\/wp-content\/uploads\/2021\/11\/Teasing-compte-a\u0300-rebours-diapo-1024x768.png\" class=\"attachment-large size-large\" alt=\"\" srcset=\"https:\/\/constance-escobar.com\/wp-content\/uploads\/2021\/11\/Teasing-compte-a\u0300-rebours-diapo-1024x768.png 1024w, https:\/\/constance-escobar.com\/wp-content\/uploads\/2021\/11\/Teasing-compte-a\u0300-rebours-diapo-300x225.png 300w, https:\/\/constance-escobar.com\/wp-content\/uploads\/2021\/11\/Teasing-compte-a\u0300-rebours-diapo-768x576.png 768w, https:\/\/constance-escobar.com\/wp-content\/uploads\/2021\/11\/Teasing-compte-a\u0300-rebours-diapo-720x540.png 720w, https:\/\/constance-escobar.com\/wp-content\/uploads\/2021\/11\/Teasing-compte-a\u0300-rebours-diapo-820x615.png 820w, https:\/\/constance-escobar.com\/wp-content\/uploads\/2021\/11\/Teasing-compte-a\u0300-rebours-diapo.png 1200w\" sizes=\"auto, (max-width: 820px) 100vw, 820px\" \/>\t\t\t\t\t\t\t\t\t\t\t\t\t\t\t<\/div>\n\t\t\t\t<\/div>\n\t\t\t\t\t<\/div>\n\t\t<\/div>\n\t\t\t\t<div class=\"elementor-column elementor-col-50 elementor-top-column elementor-element elementor-element-008629d\" data-id=\"008629d\" data-element_type=\"column\">\n\t\t\t<div class=\"elementor-widget-wrap elementor-element-populated\">\n\t\t\t\t\t\t\t\t<div class=\"elementor-element elementor-element-49936c5 elementor-widget elementor-widget-image\" data-id=\"49936c5\" data-element_type=\"widget\" data-widget_type=\"image.default\">\n\t\t\t\t<div class=\"elementor-widget-container\">\n\t\t\t\t\t\t\t\t\t\t\t\t\t\t\t<img loading=\"lazy\" decoding=\"async\" width=\"820\" height=\"615\" src=\"https:\/\/constance-escobar.com\/wp-content\/uploads\/2021\/11\/Annonce-1024x768.jpg\" class=\"attachment-large size-large\" alt=\"\" srcset=\"https:\/\/constance-escobar.com\/wp-content\/uploads\/2021\/11\/Annonce-1024x768.jpg 1024w, https:\/\/constance-escobar.com\/wp-content\/uploads\/2021\/11\/Annonce-300x225.jpg 300w, https:\/\/constance-escobar.com\/wp-content\/uploads\/2021\/11\/Annonce-768x576.jpg 768w, https:\/\/constance-escobar.com\/wp-content\/uploads\/2021\/11\/Annonce-1536x1152.jpg 1536w, https:\/\/constance-escobar.com\/wp-content\/uploads\/2021\/11\/Annonce-2048x1536.jpg 2048w, https:\/\/constance-escobar.com\/wp-content\/uploads\/2021\/11\/Annonce-720x540.jpg 720w, https:\/\/constance-escobar.com\/wp-content\/uploads\/2021\/11\/Annonce-820x615.jpg 820w\" sizes=\"auto, (max-width: 820px) 100vw, 820px\" \/>\t\t\t\t\t\t\t\t\t\t\t\t\t\t\t<\/div>\n\t\t\t\t<\/div>\n\t\t\t\t\t<\/div>\n\t\t<\/div>\n\t\t\t\t\t\t\t<\/div>\n\t\t<\/section>\n\t\t\t\t<section class=\"elementor-section elementor-top-section elementor-element elementor-element-ad44445 elementor-section-boxed elementor-section-height-default elementor-section-height-default\" data-id=\"ad44445\" data-element_type=\"section\">\n\t\t\t\t\t\t<div class=\"elementor-container elementor-column-gap-default\">\n\t\t\t\t\t<div class=\"elementor-column elementor-col-100 elementor-top-column elementor-element elementor-element-b6b6cb6\" data-id=\"b6b6cb6\" data-element_type=\"column\">\n\t\t\t<div class=\"elementor-widget-wrap elementor-element-populated\">\n\t\t\t\t\t\t\t\t<div class=\"elementor-element elementor-element-56b13e7 elementor-widget elementor-widget-text-editor\" data-id=\"56b13e7\" data-element_type=\"widget\" data-widget_type=\"text-editor.default\">\n\t\t\t\t<div class=\"elementor-widget-container\">\n\t\t\t\t\t\t\t<p>Campagne web<\/p>\t\t\t\t\t\t<\/div>\n\t\t\t\t<\/div>\n\t\t\t\t\t<\/div>\n\t\t<\/div>\n\t\t\t\t\t\t\t<\/div>\n\t\t<\/section>\n\t\t\t\t<section class=\"elementor-section elementor-top-section elementor-element elementor-element-55e7d54 elementor-section-boxed elementor-section-height-default elementor-section-height-default\" data-id=\"55e7d54\" data-element_type=\"section\">\n\t\t\t\t\t\t<div class=\"elementor-container elementor-column-gap-default\">\n\t\t\t\t\t<div class=\"elementor-column elementor-col-100 elementor-top-column elementor-element elementor-element-3c33325\" data-id=\"3c33325\" data-element_type=\"column\">\n\t\t\t<div class=\"elementor-widget-wrap elementor-element-populated\">\n\t\t\t\t\t\t\t\t<div class=\"elementor-element elementor-element-baefbff elementor-widget elementor-widget-spacer\" data-id=\"baefbff\" data-element_type=\"widget\" data-widget_type=\"spacer.default\">\n\t\t\t\t<div class=\"elementor-widget-container\">\n\t\t\t\t\t<div class=\"elementor-spacer\">\n\t\t\t<div class=\"elementor-spacer-inner\"><\/div>\n\t\t<\/div>\n\t\t\t\t<\/div>\n\t\t\t\t<\/div>\n\t\t\t\t\t<\/div>\n\t\t<\/div>\n\t\t\t\t\t\t\t<\/div>\n\t\t<\/section>\n\t\t\t\t<section class=\"elementor-section elementor-top-section elementor-element elementor-element-d9b0a86 elementor-section-boxed elementor-section-height-default elementor-section-height-default\" data-id=\"d9b0a86\" data-element_type=\"section\">\n\t\t\t\t\t\t<div class=\"elementor-container elementor-column-gap-default\">\n\t\t\t\t\t<div class=\"elementor-column elementor-col-100 elementor-top-column elementor-element elementor-element-a69fef0\" data-id=\"a69fef0\" data-element_type=\"column\">\n\t\t\t<div class=\"elementor-widget-wrap elementor-element-populated\">\n\t\t\t\t\t\t\t\t<div class=\"elementor-element elementor-element-b65a5be elementor-widget elementor-widget-image\" data-id=\"b65a5be\" data-element_type=\"widget\" data-widget_type=\"image.default\">\n\t\t\t\t<div class=\"elementor-widget-container\">\n\t\t\t\t\t\t\t\t\t\t\t\t\t\t\t<img loading=\"lazy\" decoding=\"async\" width=\"820\" height=\"573\" src=\"https:\/\/constance-escobar.com\/wp-content\/uploads\/2021\/11\/Eve\u0301nementiel-1024x715.png\" class=\"attachment-large size-large\" alt=\"\" srcset=\"https:\/\/constance-escobar.com\/wp-content\/uploads\/2021\/11\/Eve\u0301nementiel-1024x715.png 1024w, https:\/\/constance-escobar.com\/wp-content\/uploads\/2021\/11\/Eve\u0301nementiel-300x210.png 300w, https:\/\/constance-escobar.com\/wp-content\/uploads\/2021\/11\/Eve\u0301nementiel-768x536.png 768w, https:\/\/constance-escobar.com\/wp-content\/uploads\/2021\/11\/Eve\u0301nementiel-720x503.png 720w, https:\/\/constance-escobar.com\/wp-content\/uploads\/2021\/11\/Eve\u0301nementiel-820x573.png 820w, https:\/\/constance-escobar.com\/wp-content\/uploads\/2021\/11\/Eve\u0301nementiel.png 1200w\" sizes=\"auto, (max-width: 820px) 100vw, 820px\" \/>\t\t\t\t\t\t\t\t\t\t\t\t\t\t\t<\/div>\n\t\t\t\t<\/div>\n\t\t\t\t\t<\/div>\n\t\t<\/div>\n\t\t\t\t\t\t\t<\/div>\n\t\t<\/section>\n\t\t\t\t<section class=\"elementor-section elementor-top-section elementor-element elementor-element-bb40a9e elementor-section-boxed elementor-section-height-default elementor-section-height-default\" data-id=\"bb40a9e\" data-element_type=\"section\">\n\t\t\t\t\t\t<div class=\"elementor-container elementor-column-gap-default\">\n\t\t\t\t\t<div class=\"elementor-column elementor-col-100 elementor-top-column elementor-element elementor-element-fb3f87a\" data-id=\"fb3f87a\" data-element_type=\"column\">\n\t\t\t<div class=\"elementor-widget-wrap elementor-element-populated\">\n\t\t\t\t\t\t\t\t<div class=\"elementor-element elementor-element-3da85da elementor-widget elementor-widget-text-editor\" data-id=\"3da85da\" data-element_type=\"widget\" data-widget_type=\"text-editor.default\">\n\t\t\t\t<div class=\"elementor-widget-container\">\n\t\t\t\t\t\t\t<p>Ev\u00e9nementiel<\/p>\t\t\t\t\t\t<\/div>\n\t\t\t\t<\/div>\n\t\t\t\t\t<\/div>\n\t\t<\/div>\n\t\t\t\t\t\t\t<\/div>\n\t\t<\/section>\n\t\t\t\t<section class=\"elementor-section elementor-top-section elementor-element elementor-element-b13d59a elementor-section-boxed elementor-section-height-default elementor-section-height-default\" data-id=\"b13d59a\" data-element_type=\"section\">\n\t\t\t\t\t\t<div class=\"elementor-container elementor-column-gap-default\">\n\t\t\t\t\t<div class=\"elementor-column elementor-col-100 elementor-top-column elementor-element elementor-element-5d505a4\" data-id=\"5d505a4\" data-element_type=\"column\">\n\t\t\t<div class=\"elementor-widget-wrap elementor-element-populated\">\n\t\t\t\t\t\t\t\t<div class=\"elementor-element elementor-element-c819937 elementor-widget elementor-widget-text-editor\" data-id=\"c819937\" data-element_type=\"widget\" data-widget_type=\"text-editor.default\">\n\t\t\t\t<div class=\"elementor-widget-container\">\n\t\t\t\t\t\t\t<p>Simuation d&#8217;une installation d&#8217;un 7 en LED sur la fa\u00e7ade de l&#8217;Apple Store Op\u00e9ra \u00e0 Paris.<\/p>\t\t\t\t\t\t<\/div>\n\t\t\t\t<\/div>\n\t\t\t\t\t<\/div>\n\t\t<\/div>\n\t\t\t\t\t\t\t<\/div>\n\t\t<\/section>\n\t\t\t\t\t\t\t<\/div>\n\t\t","protected":false},"excerpt":{"rendered":"<p>Cr\u00e9er une campagne 360\u00b0 pour le nouvel iPhone. Ce projet a \u00e9t\u00e9 cr\u00e9\u00e9e lors d\u2019un workshop. A cette \u00e9poque, l\u2019iPhone [&hellip;]<\/p>\n","protected":false},"author":1,"featured_media":0,"parent":0,"menu_order":0,"comment_status":"closed","ping_status":"closed","template":"elementor_header_footer","meta":{"_monsterinsights_skip_tracking":false,"_monsterinsights_sitenote_active":false,"_monsterinsights_sitenote_note":"","_monsterinsights_sitenote_category":0,"footnotes":""},"class_list":["post-1052","page","type-page","status-publish","hentry","clearfix"],"_links":{"self":[{"href":"https:\/\/constance-escobar.com\/index.php\/wp-json\/wp\/v2\/pages\/1052","targetHints":{"allow":["GET"]}}],"collection":[{"href":"https:\/\/constance-escobar.com\/index.php\/wp-json\/wp\/v2\/pages"}],"about":[{"href":"https:\/\/constance-escobar.com\/index.php\/wp-json\/wp\/v2\/types\/page"}],"author":[{"embeddable":true,"href":"https:\/\/constance-escobar.com\/index.php\/wp-json\/wp\/v2\/users\/1"}],"replies":[{"embeddable":true,"href":"https:\/\/constance-escobar.com\/index.php\/wp-json\/wp\/v2\/comments?post=1052"}],"version-history":[{"count":14,"href":"https:\/\/constance-escobar.com\/index.php\/wp-json\/wp\/v2\/pages\/1052\/revisions"}],"predecessor-version":[{"id":1465,"href":"https:\/\/constance-escobar.com\/index.php\/wp-json\/wp\/v2\/pages\/1052\/revisions\/1465"}],"wp:attachment":[{"href":"https:\/\/constance-escobar.com\/index.php\/wp-json\/wp\/v2\/media?parent=1052"}],"curies":[{"name":"wp","href":"https:\/\/api.w.org\/{rel}","templated":true}]}}