{"id":710,"date":"2021-11-06T22:13:02","date_gmt":"2021-11-06T22:13:02","guid":{"rendered":"http:\/\/constance-escobar.com\/?page_id=710"},"modified":"2022-06-04T09:32:26","modified_gmt":"2022-06-04T09:32:26","slug":"a-propos","status":"publish","type":"page","link":"https:\/\/constance-escobar.com\/index.php\/a-propos\/","title":{"rendered":"A propos"},"content":{"rendered":"\t\t<div data-elementor-type=\"wp-page\" data-elementor-id=\"710\" class=\"elementor elementor-710\">\n\t\t\t\t\t\t\t\t\t<section class=\"elementor-section elementor-top-section elementor-element elementor-element-3c9311b elementor-section-boxed elementor-section-height-default elementor-section-height-default\" data-id=\"3c9311b\" data-element_type=\"section\">\n\t\t\t\t\t\t<div class=\"elementor-container elementor-column-gap-default\">\n\t\t\t\t\t<div class=\"elementor-column elementor-col-100 elementor-top-column elementor-element elementor-element-cc90772\" data-id=\"cc90772\" data-element_type=\"column\">\n\t\t\t<div class=\"elementor-widget-wrap elementor-element-populated\">\n\t\t\t\t\t\t\t\t<div class=\"elementor-element elementor-element-5483f25 elementor-widget elementor-widget-image\" data-id=\"5483f25\" data-element_type=\"widget\" data-widget_type=\"image.default\">\n\t\t\t\t<div class=\"elementor-widget-container\">\n\t\t\t<style>\/*! elementor - v3.6.5 - 27-04-2022 *\/\n.elementor-widget-image{text-align:center}.elementor-widget-image a{display:inline-block}.elementor-widget-image a img[src$=\".svg\"]{width:48px}.elementor-widget-image img{vertical-align:middle;display:inline-block}<\/style>\t\t\t\t\t\t\t\t\t\t\t\t<img loading=\"lazy\" decoding=\"async\" width=\"150\" height=\"150\" src=\"https:\/\/constance-escobar.com\/wp-content\/uploads\/2022\/06\/portrait-a\u0300-propos-150x150.png\" class=\"attachment-thumbnail size-thumbnail\" alt=\"\" srcset=\"https:\/\/constance-escobar.com\/wp-content\/uploads\/2022\/06\/portrait-a\u0300-propos-150x150.png 150w, https:\/\/constance-escobar.com\/wp-content\/uploads\/2022\/06\/portrait-a\u0300-propos-300x300.png 300w, https:\/\/constance-escobar.com\/wp-content\/uploads\/2022\/06\/portrait-a\u0300-propos.png 605w\" sizes=\"auto, (max-width: 150px) 100vw, 150px\" \/>\t\t\t\t\t\t\t\t\t\t\t\t\t\t\t<\/div>\n\t\t\t\t<\/div>\n\t\t\t\t\t<\/div>\n\t\t<\/div>\n\t\t\t\t\t\t\t<\/div>\n\t\t<\/section>\n\t\t\t\t<section class=\"elementor-section elementor-top-section elementor-element elementor-element-f6c1177 elementor-section-content-middle elementor-section-stretched elementor-section-boxed elementor-section-height-default elementor-section-height-default\" data-id=\"f6c1177\" data-element_type=\"section\" data-settings=\"{&quot;stretch_section&quot;:&quot;section-stretched&quot;}\">\n\t\t\t\t\t\t<div class=\"elementor-container elementor-column-gap-default\">\n\t\t\t\t\t<div class=\"elementor-column elementor-col-100 elementor-top-column elementor-element elementor-element-baae5fb\" data-id=\"baae5fb\" data-element_type=\"column\">\n\t\t\t<div class=\"elementor-widget-wrap elementor-element-populated\">\n\t\t\t\t\t\t\t\t<div class=\"elementor-element elementor-element-f8107b7 elementor-widget elementor-widget-text-editor\" data-id=\"f8107b7\" data-element_type=\"widget\" data-widget_type=\"text-editor.default\">\n\t\t\t\t<div class=\"elementor-widget-container\">\n\t\t\t<style>\/*! elementor - v3.6.5 - 27-04-2022 *\/\n.elementor-widget-text-editor.elementor-drop-cap-view-stacked .elementor-drop-cap{background-color:#818a91;color:#fff}.elementor-widget-text-editor.elementor-drop-cap-view-framed .elementor-drop-cap{color:#818a91;border:3px solid;background-color:transparent}.elementor-widget-text-editor:not(.elementor-drop-cap-view-default) .elementor-drop-cap{margin-top:8px}.elementor-widget-text-editor:not(.elementor-drop-cap-view-default) .elementor-drop-cap-letter{width:1em;height:1em}.elementor-widget-text-editor .elementor-drop-cap{float:left;text-align:center;line-height:1;font-size:50px}.elementor-widget-text-editor .elementor-drop-cap-letter{display:inline-block}<\/style>\t\t\t\t<p><em>&#8220;Je ne sais pas ce qui est beau mais je sais ce que j&#8217;aime et je trouve cela amplement suffisant.&#8221;<\/em><br \/>Boris Vian<\/p><p>Curieuse et volontaire, j&#8217;aime aller au c\u0153ur de chaque projet et lui donner la meilleure forme possible. Ce qui me motive par dessus tout : la satisfaction du client \u00e0 la fin de chaque projet auquel j&#8217;ai contribu\u00e9 \u00e0 donner vie.<\/p><p>\u00ab Je ne sais pas ce qui est beau \u00bb, mais j&#8217;aime mon m\u00e9tier.<br \/>J&#8217;aime approfondir mes connaissances, en acqu\u00e9rir de nouvelles, d\u00e9couvrir des concepts qui m&#8217;\u00e9taient inconnus auparavant, exp\u00e9rimenter de nouvelles fa\u00e7ons de faire&#8230;<\/p><p>Tr\u00e8s cr\u00e9ative, j&#8217;aime l&#8217;art sous toutes ses formes : le dessin, que je pratique sur papier ou \u00e0 la tablette, le violon (j&#8217;en fais depuis mon plus jeune \u00e2ge), le tricot, la broderie et la boxe.<br \/>Eh oui ! J&#8217;ai bien dit toutes les formes d&#8217;art, m\u00eame martiaux !<\/p>\t\t\t\t\t\t<\/div>\n\t\t\t\t<\/div>\n\t\t\t\t\t<\/div>\n\t\t<\/div>\n\t\t\t\t\t\t\t<\/div>\n\t\t<\/section>\n\t\t\t\t\t\t\t<\/div>\n\t\t","protected":false},"excerpt":{"rendered":"<p>&#8220;Je ne sais pas ce qui est beau mais je sais ce que j&#8217;aime et je trouve cela amplement suffisant.&#8221;Boris [&hellip;]<\/p>\n","protected":false},"author":1,"featured_media":0,"parent":0,"menu_order":0,"comment_status":"closed","ping_status":"closed","template":"elementor_header_footer","meta":{"_monsterinsights_skip_tracking":false,"_monsterinsights_sitenote_active":false,"_monsterinsights_sitenote_note":"","_monsterinsights_sitenote_category":0,"footnotes":""},"class_list":["post-710","page","type-page","status-publish","hentry","clearfix"],"_links":{"self":[{"href":"https:\/\/constance-escobar.com\/index.php\/wp-json\/wp\/v2\/pages\/710","targetHints":{"allow":["GET"]}}],"collection":[{"href":"https:\/\/constance-escobar.com\/index.php\/wp-json\/wp\/v2\/pages"}],"about":[{"href":"https:\/\/constance-escobar.com\/index.php\/wp-json\/wp\/v2\/types\/page"}],"author":[{"embeddable":true,"href":"https:\/\/constance-escobar.com\/index.php\/wp-json\/wp\/v2\/users\/1"}],"replies":[{"embeddable":true,"href":"https:\/\/constance-escobar.com\/index.php\/wp-json\/wp\/v2\/comments?post=710"}],"version-history":[{"count":31,"href":"https:\/\/constance-escobar.com\/index.php\/wp-json\/wp\/v2\/pages\/710\/revisions"}],"predecessor-version":[{"id":1425,"href":"https:\/\/constance-escobar.com\/index.php\/wp-json\/wp\/v2\/pages\/710\/revisions\/1425"}],"wp:attachment":[{"href":"https:\/\/constance-escobar.com\/index.php\/wp-json\/wp\/v2\/media?parent=710"}],"curies":[{"name":"wp","href":"https:\/\/api.w.org\/{rel}","templated":true}]}}