{"id":726,"date":"2021-11-06T22:58:43","date_gmt":"2021-11-06T22:58:43","guid":{"rendered":"http:\/\/constance-escobar.com\/?page_id=726"},"modified":"2022-06-04T09:38:39","modified_gmt":"2022-06-04T09:38:39","slug":"plaquette-top-recrutement-edition-2020","status":"publish","type":"page","link":"https:\/\/constance-escobar.com\/index.php\/plaquette-top-recrutement-edition-2020\/","title":{"rendered":"Top Recrutement &#8211; Plaquette \u00e9dition 2020"},"content":{"rendered":"\t\t<div data-elementor-type=\"wp-page\" data-elementor-id=\"726\" class=\"elementor elementor-726\">\n\t\t\t\t\t\t\t\t\t<section class=\"elementor-section elementor-top-section elementor-element elementor-element-7d96d712 elementor-section-content-middle elementor-section-stretched elementor-section-boxed elementor-section-height-default elementor-section-height-default\" data-id=\"7d96d712\" data-element_type=\"section\" data-settings=\"{&quot;stretch_section&quot;:&quot;section-stretched&quot;}\">\n\t\t\t\t\t\t<div class=\"elementor-container elementor-column-gap-wide\">\n\t\t\t\t\t<div class=\"elementor-column elementor-col-100 elementor-top-column elementor-element elementor-element-32deb3a0\" data-id=\"32deb3a0\" data-element_type=\"column\">\n\t\t\t<div class=\"elementor-widget-wrap elementor-element-populated\">\n\t\t\t\t\t\t\t\t<div class=\"elementor-element elementor-element-6048e4b7 elementor-widget elementor-widget-text-editor\" data-id=\"6048e4b7\" data-element_type=\"widget\" data-widget_type=\"text-editor.default\">\n\t\t\t\t<div class=\"elementor-widget-container\">\n\t\t\t<style>\/*! elementor - v3.6.5 - 27-04-2022 *\/\n.elementor-widget-text-editor.elementor-drop-cap-view-stacked .elementor-drop-cap{background-color:#818a91;color:#fff}.elementor-widget-text-editor.elementor-drop-cap-view-framed .elementor-drop-cap{color:#818a91;border:3px solid;background-color:transparent}.elementor-widget-text-editor:not(.elementor-drop-cap-view-default) .elementor-drop-cap{margin-top:8px}.elementor-widget-text-editor:not(.elementor-drop-cap-view-default) .elementor-drop-cap-letter{width:1em;height:1em}.elementor-widget-text-editor .elementor-drop-cap{float:left;text-align:center;line-height:1;font-size:50px}.elementor-widget-text-editor .elementor-drop-cap-letter{display:inline-block}<\/style>\t\t\t\t<p><!-- wp:image {\"align\":\"center\",\"id\":722,\"sizeSlug\":\"full\",\"linkDestination\":\"none\"} --><\/p>\n<div class=\"wp-block-image\">\n<figure class=\"aligncenter size-full\">\n<p>Pour l&#8217;\u00e9dition 2020 du Salon Top recrutement, l&#8217;un des salons organis\u00e9s par Infopro Digital, l&#8217;identit\u00e9 visuelle a \u00e9t\u00e9 totalement repens\u00e9e. <br \/>Comme base de d\u00e9part nous avions seulement le logo et les couleurs. L&#8217;identit\u00e9 graphique a d\u00e9coul\u00e9 de la plaquette.<\/p>\n<p><em>Note : certains \u00e9l\u00e9ments ont \u00e9t\u00e9 flout\u00e9s par souci de confidentialit\u00e9.<\/em><\/p>\n<p>\u00a0<\/p>\n<p><img loading=\"lazy\" decoding=\"async\" class=\"aligncenter wp-image-722\" src=\"http:\/\/constance-escobar.com\/wp-content\/uploads\/2021\/11\/couv-plaquette-tr-2020-1.jpg\" alt=\"\" width=\"750\" height=\"617\" srcset=\"https:\/\/constance-escobar.com\/wp-content\/uploads\/2021\/11\/couv-plaquette-tr-2020-1.jpg 945w, https:\/\/constance-escobar.com\/wp-content\/uploads\/2021\/11\/couv-plaquette-tr-2020-1-300x247.jpg 300w, https:\/\/constance-escobar.com\/wp-content\/uploads\/2021\/11\/couv-plaquette-tr-2020-1-768x632.jpg 768w, https:\/\/constance-escobar.com\/wp-content\/uploads\/2021\/11\/couv-plaquette-tr-2020-1-720x593.jpg 720w, https:\/\/constance-escobar.com\/wp-content\/uploads\/2021\/11\/couv-plaquette-tr-2020-1-820x675.jpg 820w\" sizes=\"auto, (max-width: 750px) 100vw, 750px\" \/><\/p>\n<\/figure>\n<\/div>\n<p><!-- \/wp:image --><!-- wp:gallery {\"ids\":[727,728],\"linkTo\":\"none\"} --><\/p>\n<figure class=\"wp-block-gallery columns-2 is-cropped\">\n<ul class=\"blocks-gallery-grid\">\n<li class=\"blocks-gallery-item\">\n<figure><img loading=\"lazy\" decoding=\"async\" width=\"945\" height=\"778\" class=\"wp-image-727\" src=\"http:\/\/constance-escobar.com\/wp-content\/uploads\/2021\/11\/doubles-plaquette-tr-2020-1-1.jpg\" alt=\"\" data-id=\"727\" data-full-url=\"http:\/\/constance-escobar.com\/wp-content\/uploads\/2021\/11\/doubles-plaquette-tr-2020-1-1.jpg\" data-link=\"http:\/\/constance-escobar.com\/?attachment_id=727\" srcset=\"https:\/\/constance-escobar.com\/wp-content\/uploads\/2021\/11\/doubles-plaquette-tr-2020-1-1.jpg 945w, https:\/\/constance-escobar.com\/wp-content\/uploads\/2021\/11\/doubles-plaquette-tr-2020-1-1-300x247.jpg 300w, https:\/\/constance-escobar.com\/wp-content\/uploads\/2021\/11\/doubles-plaquette-tr-2020-1-1-768x632.jpg 768w, https:\/\/constance-escobar.com\/wp-content\/uploads\/2021\/11\/doubles-plaquette-tr-2020-1-1-720x593.jpg 720w, https:\/\/constance-escobar.com\/wp-content\/uploads\/2021\/11\/doubles-plaquette-tr-2020-1-1-820x675.jpg 820w\" sizes=\"auto, (max-width: 945px) 100vw, 945px\" \/><\/figure>\n<\/li>\n<li class=\"blocks-gallery-item\">\n<figure><img loading=\"lazy\" decoding=\"async\" width=\"945\" height=\"778\" class=\"wp-image-728\" src=\"http:\/\/constance-escobar.com\/wp-content\/uploads\/2021\/11\/doubles-plaquette-tr-2020-2-1.jpg\" alt=\"\" data-id=\"728\" data-full-url=\"http:\/\/constance-escobar.com\/wp-content\/uploads\/2021\/11\/doubles-plaquette-tr-2020-2-1.jpg\" data-link=\"http:\/\/constance-escobar.com\/?attachment_id=728\" srcset=\"https:\/\/constance-escobar.com\/wp-content\/uploads\/2021\/11\/doubles-plaquette-tr-2020-2-1.jpg 945w, https:\/\/constance-escobar.com\/wp-content\/uploads\/2021\/11\/doubles-plaquette-tr-2020-2-1-300x247.jpg 300w, https:\/\/constance-escobar.com\/wp-content\/uploads\/2021\/11\/doubles-plaquette-tr-2020-2-1-768x632.jpg 768w, https:\/\/constance-escobar.com\/wp-content\/uploads\/2021\/11\/doubles-plaquette-tr-2020-2-1-720x593.jpg 720w, https:\/\/constance-escobar.com\/wp-content\/uploads\/2021\/11\/doubles-plaquette-tr-2020-2-1-820x675.jpg 820w\" sizes=\"auto, (max-width: 945px) 100vw, 945px\" \/><\/figure>\n<\/li>\n<\/ul>\n<\/figure>\n<p><!-- \/wp:gallery --><!-- wp:paragraph --><\/p>\n<p>\u00a0<\/p>\n<p><!-- \/wp:paragraph --><!-- wp:buttons --><\/p>\n<div class=\"wp-block-buttons\"><!-- wp:button \/--><\/div>\n<p><!-- \/wp:buttons --><\/p>\t\t\t\t\t\t<\/div>\n\t\t\t\t<\/div>\n\t\t\t\t\t<\/div>\n\t\t<\/div>\n\t\t\t\t\t\t\t<\/div>\n\t\t<\/section>\n\t\t\t\t\t\t\t<\/div>\n\t\t","protected":false},"excerpt":{"rendered":"<p>\u00a0<\/p>\n","protected":false},"author":1,"featured_media":0,"parent":0,"menu_order":0,"comment_status":"closed","ping_status":"closed","template":"elementor_header_footer","meta":{"_monsterinsights_skip_tracking":false,"_monsterinsights_sitenote_active":false,"_monsterinsights_sitenote_note":"","_monsterinsights_sitenote_category":0,"footnotes":""},"class_list":["post-726","page","type-page","status-publish","hentry","clearfix"],"_links":{"self":[{"href":"https:\/\/constance-escobar.com\/index.php\/wp-json\/wp\/v2\/pages\/726","targetHints":{"allow":["GET"]}}],"collection":[{"href":"https:\/\/constance-escobar.com\/index.php\/wp-json\/wp\/v2\/pages"}],"about":[{"href":"https:\/\/constance-escobar.com\/index.php\/wp-json\/wp\/v2\/types\/page"}],"author":[{"embeddable":true,"href":"https:\/\/constance-escobar.com\/index.php\/wp-json\/wp\/v2\/users\/1"}],"replies":[{"embeddable":true,"href":"https:\/\/constance-escobar.com\/index.php\/wp-json\/wp\/v2\/comments?post=726"}],"version-history":[{"count":33,"href":"https:\/\/constance-escobar.com\/index.php\/wp-json\/wp\/v2\/pages\/726\/revisions"}],"predecessor-version":[{"id":1428,"href":"https:\/\/constance-escobar.com\/index.php\/wp-json\/wp\/v2\/pages\/726\/revisions\/1428"}],"wp:attachment":[{"href":"https:\/\/constance-escobar.com\/index.php\/wp-json\/wp\/v2\/media?parent=726"}],"curies":[{"name":"wp","href":"https:\/\/api.w.org\/{rel}","templated":true}]}}