{"id":979,"date":"2021-11-11T19:14:51","date_gmt":"2021-11-11T19:14:51","guid":{"rendered":"https:\/\/constance-escobar.com\/?page_id=979"},"modified":"2021-11-11T19:23:40","modified_gmt":"2021-11-11T19:23:40","slug":"matfer-bourgeat","status":"publish","type":"page","link":"https:\/\/constance-escobar.com\/index.php\/matfer-bourgeat\/","title":{"rendered":"Matfer-Bourgeat"},"content":{"rendered":"\t\t<div data-elementor-type=\"wp-page\" data-elementor-id=\"979\" class=\"elementor elementor-979\">\n\t\t\t\t\t\t\t\t\t<section class=\"elementor-section elementor-top-section elementor-element elementor-element-0b66854 elementor-section-boxed elementor-section-height-default elementor-section-height-default\" data-id=\"0b66854\" data-element_type=\"section\">\n\t\t\t\t\t\t<div class=\"elementor-container elementor-column-gap-default\">\n\t\t\t\t\t<div class=\"elementor-column elementor-col-100 elementor-top-column elementor-element elementor-element-74d5f9c\" data-id=\"74d5f9c\" data-element_type=\"column\">\n\t\t\t<div class=\"elementor-widget-wrap elementor-element-populated\">\n\t\t\t\t\t\t\t\t<div class=\"elementor-element elementor-element-c6eaa09 elementor-widget elementor-widget-text-editor\" data-id=\"c6eaa09\" data-element_type=\"widget\" data-widget_type=\"text-editor.default\">\n\t\t\t\t<div class=\"elementor-widget-container\">\n\t\t\t<style>\/*! elementor - v3.6.5 - 27-04-2022 *\/\n.elementor-widget-text-editor.elementor-drop-cap-view-stacked .elementor-drop-cap{background-color:#818a91;color:#fff}.elementor-widget-text-editor.elementor-drop-cap-view-framed .elementor-drop-cap{color:#818a91;border:3px solid;background-color:transparent}.elementor-widget-text-editor:not(.elementor-drop-cap-view-default) .elementor-drop-cap{margin-top:8px}.elementor-widget-text-editor:not(.elementor-drop-cap-view-default) .elementor-drop-cap-letter{width:1em;height:1em}.elementor-widget-text-editor .elementor-drop-cap{float:left;text-align:center;line-height:1;font-size:50px}.elementor-widget-text-editor .elementor-drop-cap-letter{display:inline-block}<\/style>\t\t\t\t<p>Chez Matfer Bourgeat, j\u2019ai notamment eu en charge la cr\u00e9ation de packagings, flyers et la gestion de catalogues. <br \/><br \/><\/p>\t\t\t\t\t\t<\/div>\n\t\t\t\t<\/div>\n\t\t\t\t\t<\/div>\n\t\t<\/div>\n\t\t\t\t\t\t\t<\/div>\n\t\t<\/section>\n\t\t\t\t<section class=\"elementor-section elementor-top-section elementor-element elementor-element-bb9d281 elementor-section-boxed elementor-section-height-default elementor-section-height-default\" data-id=\"bb9d281\" data-element_type=\"section\">\n\t\t\t\t\t\t<div class=\"elementor-container elementor-column-gap-default\">\n\t\t\t\t\t<div class=\"elementor-column elementor-col-100 elementor-top-column elementor-element elementor-element-23cbd02\" data-id=\"23cbd02\" data-element_type=\"column\">\n\t\t\t<div class=\"elementor-widget-wrap elementor-element-populated\">\n\t\t\t\t\t\t\t\t<div class=\"elementor-element elementor-element-629493b elementor-widget elementor-widget-image\" data-id=\"629493b\" data-element_type=\"widget\" data-widget_type=\"image.default\">\n\t\t\t\t<div class=\"elementor-widget-container\">\n\t\t\t<style>\/*! elementor - v3.6.5 - 27-04-2022 *\/\n.elementor-widget-image{text-align:center}.elementor-widget-image a{display:inline-block}.elementor-widget-image a img[src$=\".svg\"]{width:48px}.elementor-widget-image img{vertical-align:middle;display:inline-block}<\/style>\t\t\t\t\t\t\t\t\t\t\t\t<img loading=\"lazy\" decoding=\"async\" width=\"820\" height=\"533\" src=\"https:\/\/constance-escobar.com\/wp-content\/uploads\/2021\/11\/Mockup-neo-1024x666.png\" class=\"attachment-large size-large\" alt=\"\" srcset=\"https:\/\/constance-escobar.com\/wp-content\/uploads\/2021\/11\/Mockup-neo-1024x666.png 1024w, https:\/\/constance-escobar.com\/wp-content\/uploads\/2021\/11\/Mockup-neo-300x195.png 300w, https:\/\/constance-escobar.com\/wp-content\/uploads\/2021\/11\/Mockup-neo-768x499.png 768w, https:\/\/constance-escobar.com\/wp-content\/uploads\/2021\/11\/Mockup-neo-1536x998.png 1536w, https:\/\/constance-escobar.com\/wp-content\/uploads\/2021\/11\/Mockup-neo-2048x1331.png 2048w, https:\/\/constance-escobar.com\/wp-content\/uploads\/2021\/11\/Mockup-neo-720x468.png 720w, https:\/\/constance-escobar.com\/wp-content\/uploads\/2021\/11\/Mockup-neo-820x533.png 820w\" sizes=\"auto, (max-width: 820px) 100vw, 820px\" \/>\t\t\t\t\t\t\t\t\t\t\t\t\t\t\t<\/div>\n\t\t\t\t<\/div>\n\t\t\t\t\t<\/div>\n\t\t<\/div>\n\t\t\t\t\t\t\t<\/div>\n\t\t<\/section>\n\t\t\t\t<section class=\"elementor-section elementor-top-section elementor-element elementor-element-617e2a1 elementor-section-boxed elementor-section-height-default elementor-section-height-default\" data-id=\"617e2a1\" data-element_type=\"section\">\n\t\t\t\t\t\t<div class=\"elementor-container elementor-column-gap-default\">\n\t\t\t\t\t<div class=\"elementor-column elementor-col-100 elementor-top-column elementor-element elementor-element-64f128d\" data-id=\"64f128d\" data-element_type=\"column\">\n\t\t\t<div class=\"elementor-widget-wrap elementor-element-populated\">\n\t\t\t\t\t\t\t\t<div class=\"elementor-element elementor-element-ae9b196 elementor-widget elementor-widget-text-editor\" data-id=\"ae9b196\" data-element_type=\"widget\" data-widget_type=\"text-editor.default\">\n\t\t\t\t<div class=\"elementor-widget-container\">\n\t\t\t\t\t\t\t<div>Cr\u00e9er une couverture mettant les diverses activit\u00e9s pr\u00e9sent\u00e9es en exergue. L\u2019accroche doit \u00eatre visible et le bleu est la couleur mise en avant cette ann\u00e9e.<\/div>&nbsp;Note : aucun logo n\u2019a \u00e9t\u00e9 mis \u00e0 la demande de l\u2019entreprise.\t\t\t\t\t\t<\/div>\n\t\t\t\t<\/div>\n\t\t\t\t\t<\/div>\n\t\t<\/div>\n\t\t\t\t\t\t\t<\/div>\n\t\t<\/section>\n\t\t\t\t<section class=\"elementor-section elementor-top-section elementor-element elementor-element-bdfa561 elementor-section-boxed elementor-section-height-default elementor-section-height-default\" data-id=\"bdfa561\" data-element_type=\"section\">\n\t\t\t\t\t\t<div class=\"elementor-container elementor-column-gap-default\">\n\t\t\t\t\t<div class=\"elementor-column elementor-col-100 elementor-top-column elementor-element elementor-element-d9fb316\" data-id=\"d9fb316\" data-element_type=\"column\">\n\t\t\t<div class=\"elementor-widget-wrap elementor-element-populated\">\n\t\t\t\t\t\t\t\t<div class=\"elementor-element elementor-element-21ae79e elementor-widget elementor-widget-spacer\" data-id=\"21ae79e\" data-element_type=\"widget\" data-widget_type=\"spacer.default\">\n\t\t\t\t<div class=\"elementor-widget-container\">\n\t\t\t<style>\/*! elementor - v3.6.5 - 27-04-2022 *\/\n.e-container.e-container--row .elementor-spacer-inner{width:var(--spacer-size)}.e-container.e-container--column .elementor-spacer-inner,.elementor-column .elementor-spacer-inner{height:var(--spacer-size)}<\/style>\t\t<div class=\"elementor-spacer\">\n\t\t\t<div class=\"elementor-spacer-inner\"><\/div>\n\t\t<\/div>\n\t\t\t\t<\/div>\n\t\t\t\t<\/div>\n\t\t\t\t\t<\/div>\n\t\t<\/div>\n\t\t\t\t\t\t\t<\/div>\n\t\t<\/section>\n\t\t\t\t<section class=\"elementor-section elementor-top-section elementor-element elementor-element-d693971 elementor-section-boxed elementor-section-height-default elementor-section-height-default\" data-id=\"d693971\" data-element_type=\"section\">\n\t\t\t\t\t\t<div class=\"elementor-container elementor-column-gap-default\">\n\t\t\t\t\t<div class=\"elementor-column elementor-col-100 elementor-top-column elementor-element elementor-element-af94a59\" data-id=\"af94a59\" data-element_type=\"column\">\n\t\t\t<div class=\"elementor-widget-wrap elementor-element-populated\">\n\t\t\t\t\t\t\t\t<div class=\"elementor-element elementor-element-aa1ca72 elementor-widget elementor-widget-image\" data-id=\"aa1ca72\" data-element_type=\"widget\" data-widget_type=\"image.default\">\n\t\t\t\t<div class=\"elementor-widget-container\">\n\t\t\t\t\t\t\t\t\t\t\t\t\t\t\t<img loading=\"lazy\" decoding=\"async\" width=\"820\" height=\"547\" src=\"https:\/\/constance-escobar.com\/wp-content\/uploads\/2021\/11\/Mockup-invitation-europain-1024x683.png\" class=\"attachment-large size-large\" alt=\"\" srcset=\"https:\/\/constance-escobar.com\/wp-content\/uploads\/2021\/11\/Mockup-invitation-europain-1024x683.png 1024w, https:\/\/constance-escobar.com\/wp-content\/uploads\/2021\/11\/Mockup-invitation-europain-300x200.png 300w, https:\/\/constance-escobar.com\/wp-content\/uploads\/2021\/11\/Mockup-invitation-europain-768x512.png 768w, https:\/\/constance-escobar.com\/wp-content\/uploads\/2021\/11\/Mockup-invitation-europain-720x480.png 720w, https:\/\/constance-escobar.com\/wp-content\/uploads\/2021\/11\/Mockup-invitation-europain-820x547.png 820w, https:\/\/constance-escobar.com\/wp-content\/uploads\/2021\/11\/Mockup-invitation-europain.png 1200w\" sizes=\"auto, (max-width: 820px) 100vw, 820px\" \/>\t\t\t\t\t\t\t\t\t\t\t\t\t\t\t<\/div>\n\t\t\t\t<\/div>\n\t\t\t\t\t<\/div>\n\t\t<\/div>\n\t\t\t\t\t\t\t<\/div>\n\t\t<\/section>\n\t\t\t\t<section class=\"elementor-section elementor-top-section elementor-element elementor-element-679d51e elementor-section-boxed elementor-section-height-default elementor-section-height-default\" data-id=\"679d51e\" data-element_type=\"section\">\n\t\t\t\t\t\t<div class=\"elementor-container elementor-column-gap-default\">\n\t\t\t\t\t<div class=\"elementor-column elementor-col-100 elementor-top-column elementor-element elementor-element-829e93c\" data-id=\"829e93c\" data-element_type=\"column\">\n\t\t\t<div class=\"elementor-widget-wrap elementor-element-populated\">\n\t\t\t\t\t\t\t\t<div class=\"elementor-element elementor-element-1db2aa9 elementor-widget elementor-widget-text-editor\" data-id=\"1db2aa9\" data-element_type=\"widget\" data-widget_type=\"text-editor.default\">\n\t\t\t\t<div class=\"elementor-widget-container\">\n\t\t\t\t\t\t\t<p>Sur un A4 \u00e0 l\u2019italienne, cr\u00e9er une invitation pour un cocktail au salon Europain. Ins\u00e9rer le visuel de la fleur en sucre.<br>La couleur de la typographie \u00e9tait impos\u00e9e.<\/p>\t\t\t\t\t\t<\/div>\n\t\t\t\t<\/div>\n\t\t\t\t\t<\/div>\n\t\t<\/div>\n\t\t\t\t\t\t\t<\/div>\n\t\t<\/section>\n\t\t\t\t<section class=\"elementor-section elementor-top-section elementor-element elementor-element-7bb3bf8 elementor-section-boxed elementor-section-height-default elementor-section-height-default\" data-id=\"7bb3bf8\" data-element_type=\"section\">\n\t\t\t\t\t\t<div class=\"elementor-container elementor-column-gap-default\">\n\t\t\t\t\t<div class=\"elementor-column elementor-col-100 elementor-top-column elementor-element elementor-element-15987b3\" data-id=\"15987b3\" data-element_type=\"column\">\n\t\t\t<div class=\"elementor-widget-wrap elementor-element-populated\">\n\t\t\t\t\t\t\t\t<div class=\"elementor-element elementor-element-da7864d elementor-widget elementor-widget-spacer\" data-id=\"da7864d\" data-element_type=\"widget\" data-widget_type=\"spacer.default\">\n\t\t\t\t<div class=\"elementor-widget-container\">\n\t\t\t\t\t<div class=\"elementor-spacer\">\n\t\t\t<div class=\"elementor-spacer-inner\"><\/div>\n\t\t<\/div>\n\t\t\t\t<\/div>\n\t\t\t\t<\/div>\n\t\t\t\t\t<\/div>\n\t\t<\/div>\n\t\t\t\t\t\t\t<\/div>\n\t\t<\/section>\n\t\t\t\t<section class=\"elementor-section elementor-top-section elementor-element elementor-element-13b78bc elementor-section-boxed elementor-section-height-default elementor-section-height-default\" data-id=\"13b78bc\" data-element_type=\"section\">\n\t\t\t\t\t\t<div class=\"elementor-container elementor-column-gap-default\">\n\t\t\t\t\t<div class=\"elementor-column elementor-col-100 elementor-top-column elementor-element elementor-element-0835447\" data-id=\"0835447\" data-element_type=\"column\">\n\t\t\t<div class=\"elementor-widget-wrap elementor-element-populated\">\n\t\t\t\t\t\t\t\t<div class=\"elementor-element elementor-element-03f3e66 elementor-widget elementor-widget-image\" data-id=\"03f3e66\" data-element_type=\"widget\" data-widget_type=\"image.default\">\n\t\t\t\t<div class=\"elementor-widget-container\">\n\t\t\t\t\t\t\t\t\t\t\t\t\t\t\t<img loading=\"lazy\" decoding=\"async\" width=\"820\" height=\"547\" src=\"https:\/\/constance-escobar.com\/wp-content\/uploads\/2021\/11\/Mockup-presse-pure\u0301e-1024x683.png\" class=\"attachment-large size-large\" alt=\"\" srcset=\"https:\/\/constance-escobar.com\/wp-content\/uploads\/2021\/11\/Mockup-presse-pure\u0301e-1024x683.png 1024w, https:\/\/constance-escobar.com\/wp-content\/uploads\/2021\/11\/Mockup-presse-pure\u0301e-300x200.png 300w, https:\/\/constance-escobar.com\/wp-content\/uploads\/2021\/11\/Mockup-presse-pure\u0301e-768x512.png 768w, https:\/\/constance-escobar.com\/wp-content\/uploads\/2021\/11\/Mockup-presse-pure\u0301e-720x480.png 720w, https:\/\/constance-escobar.com\/wp-content\/uploads\/2021\/11\/Mockup-presse-pure\u0301e-820x547.png 820w, https:\/\/constance-escobar.com\/wp-content\/uploads\/2021\/11\/Mockup-presse-pure\u0301e.png 1200w\" sizes=\"auto, (max-width: 820px) 100vw, 820px\" \/>\t\t\t\t\t\t\t\t\t\t\t\t\t\t\t<\/div>\n\t\t\t\t<\/div>\n\t\t\t\t\t<\/div>\n\t\t<\/div>\n\t\t\t\t\t\t\t<\/div>\n\t\t<\/section>\n\t\t\t\t<section class=\"elementor-section elementor-top-section elementor-element elementor-element-841d57e elementor-section-boxed elementor-section-height-default elementor-section-height-default\" data-id=\"841d57e\" data-element_type=\"section\">\n\t\t\t\t\t\t<div class=\"elementor-container elementor-column-gap-default\">\n\t\t\t\t\t<div class=\"elementor-column elementor-col-100 elementor-top-column elementor-element elementor-element-c1085b7\" data-id=\"c1085b7\" data-element_type=\"column\">\n\t\t\t<div class=\"elementor-widget-wrap elementor-element-populated\">\n\t\t\t\t\t\t\t\t<div class=\"elementor-element elementor-element-4489837 elementor-widget elementor-widget-text-editor\" data-id=\"4489837\" data-element_type=\"widget\" data-widget_type=\"text-editor.default\">\n\t\t\t\t<div class=\"elementor-widget-container\">\n\t\t\t\t\t\t\t<p>A partir du gabarit fourni, \u00e9laborer le packaging du presse-pur\u00e9e en respectant la charte graphique.<\/p>\t\t\t\t\t\t<\/div>\n\t\t\t\t<\/div>\n\t\t\t\t\t<\/div>\n\t\t<\/div>\n\t\t\t\t\t\t\t<\/div>\n\t\t<\/section>\n\t\t\t\t\t\t\t<\/div>\n\t\t","protected":false},"excerpt":{"rendered":"<p>Chez Matfer Bourgeat, j\u2019ai notamment eu en charge la cr\u00e9ation de packagings, flyers et la gestion de catalogues. Cr\u00e9er une [&hellip;]<\/p>\n","protected":false},"author":1,"featured_media":0,"parent":0,"menu_order":0,"comment_status":"closed","ping_status":"closed","template":"elementor_header_footer","meta":{"_monsterinsights_skip_tracking":false,"_monsterinsights_sitenote_active":false,"_monsterinsights_sitenote_note":"","_monsterinsights_sitenote_category":0,"footnotes":""},"class_list":["post-979","page","type-page","status-publish","hentry","clearfix"],"_links":{"self":[{"href":"https:\/\/constance-escobar.com\/index.php\/wp-json\/wp\/v2\/pages\/979","targetHints":{"allow":["GET"]}}],"collection":[{"href":"https:\/\/constance-escobar.com\/index.php\/wp-json\/wp\/v2\/pages"}],"about":[{"href":"https:\/\/constance-escobar.com\/index.php\/wp-json\/wp\/v2\/types\/page"}],"author":[{"embeddable":true,"href":"https:\/\/constance-escobar.com\/index.php\/wp-json\/wp\/v2\/users\/1"}],"replies":[{"embeddable":true,"href":"https:\/\/constance-escobar.com\/index.php\/wp-json\/wp\/v2\/comments?post=979"}],"version-history":[{"count":10,"href":"https:\/\/constance-escobar.com\/index.php\/wp-json\/wp\/v2\/pages\/979\/revisions"}],"predecessor-version":[{"id":996,"href":"https:\/\/constance-escobar.com\/index.php\/wp-json\/wp\/v2\/pages\/979\/revisions\/996"}],"wp:attachment":[{"href":"https:\/\/constance-escobar.com\/index.php\/wp-json\/wp\/v2\/media?parent=979"}],"curies":[{"name":"wp","href":"https:\/\/api.w.org\/{rel}","templated":true}]}}